{"id":87,"date":"2019-04-13T09:27:19","date_gmt":"2019-04-13T09:27:19","guid":{"rendered":"http:\/\/test.puttbill.com\/?page_id=87"},"modified":"2019-09-05T07:05:32","modified_gmt":"2019-09-05T07:05:32","slug":"neukoellner_grabtuch","status":"publish","type":"page","link":"https:\/\/puttbill.com\/en\/zeichnung\/neukoellner_grabtuch\/","title":{"rendered":"Shrouds of Neukoelln"},"content":{"rendered":"<section class=\"l-section wpb_row height_medium\"><div class=\"l-section-h i-cf\"><div class=\"g-cols vc_row via_flex valign_top type_default stacking_default\"><div class=\"vc_col-sm-12 wpb_column vc_column_container\"><div class=\"vc_column-inner\"><div class=\"wpb_wrapper\"><div class=\"g-cols wpb_row via_flex valign_top type_default stacking_default\"><div class=\"vc_col-sm-8 wpb_column vc_column_container\"><div class=\"vc_column-inner\"><div class=\"wpb_wrapper\"><div class=\"w-separator size_custom\" style=\"height:32px\"><\/div><div class=\"wpb_text_column\"><div class=\"wpb_wrapper\"><p><div><div id=\"image-map-pro-8536\"><\/div><\/div><br \/>\n\u201cThe \u2018Shroud of Neuk\u00f6lln\u2019 is irritating and eerie. In Felix Pestemer\u2019s work, cult figures from horror movies, comics and fairy-tales are transformed into a world of impermanence.\u201d This is how \u201cKulturzeit\u201d on the channel 3Sat described the drawings in a feature on the <a title=\"Link to Illustrative 08 - Atrists from past exhibitions - Felix Pestemer Puttbill\" href=\"http:\/\/www.illustrative.de\/illustrative-artists\/past-exhibitions\/felix-pestemer\/\" target=\"_blank\" rel=\"noopener noreferrer\">Illustrative 08<\/a> in Zurich.<\/p>\n<p>From mythological creatures to pre-historic animals to contemporary comic figures; animated objects from history, art and literature as well as from adventure, horror and trash movies. A lot of these monsters are prominent in our collective memory and per se they symbolize the end of civilisation. But in the \u201cShroud of Neuk\u00f6lln\u201d, every single one of them is fated for the same end: Just one among one hundred endangered beasts, they\u2019re about to be devoured by something that is much larger and more powerful than themselves.<\/p>\n<\/div><\/div><\/div><\/div><\/div><div class=\"vc_col-sm-4 wpb_column vc_column_container\"><div class=\"vc_column-inner\"><div class=\"wpb_wrapper\"><div class=\"wpb_text_column us_custom_45584bb9\"><div class=\"wpb_wrapper\"><h3>Shrouds of Neukoelln<\/h3>\n<p><strong>Monster Compendium<\/strong><\/p>\n<\/div><\/div><div class=\"wpb_text_column\"><div class=\"wpb_wrapper\"><p><em>Pencil, indian ink and gouache on paper, coated on canvas, 260 x 80 cm<\/em><\/p>\n<\/div><\/div><div class=\"wpb_text_column\"><div class=\"wpb_wrapper\"><p>A cross-breed of a jellyfish, a chandelier, and a cluster of mushrooms clouds. A whole monster compendium in its tentacles.<\/p>\n<\/div><\/div><\/div><\/div><\/div><\/div><\/div><\/div><\/div><\/div><\/div><\/section>\n","protected":false},"excerpt":{"rendered":"{:de} &#8220;Irritierend, be\u00e4ngstigend ist das &#8216;Neuk\u00f6llner Grabtuch&#8217;: Kultfiguren aus Horrorfilmen, Comics und M\u00e4rchen werden bei Felix Pestemer zu einer Welt der Verg\u00e4nglichkeit.&#8221; So beschrieb die Kulturzeit auf 3Sat die Zeichnung in einem Bericht \u00fcber die Illustrative 08 in Z\u00fcrich. Von mythologischen Kreaturen \u00fcber pr\u00e4historische Tiere bis zu zeitgen\u00f6ssischen Comic-Figuren, Wesen aus Geschichte, Kunst und Literatur,...","protected":false},"author":1,"featured_media":0,"parent":28,"menu_order":25,"comment_status":"closed","ping_status":"closed","template":"","meta":{"footnotes":""},"class_list":["post-87","page","type-page","status-publish","hentry"],"translation":{"provider":"WPGlobus","version":"3.0.1","language":"en","enabled_languages":["de","en"],"languages":{"de":{"title":true,"content":true,"excerpt":false},"en":{"title":true,"content":true,"excerpt":false}}},"_links":{"self":[{"href":"https:\/\/puttbill.com\/en\/wp-json\/wp\/v2\/pages\/87","targetHints":{"allow":["GET"]}}],"collection":[{"href":"https:\/\/puttbill.com\/en\/wp-json\/wp\/v2\/pages"}],"about":[{"href":"https:\/\/puttbill.com\/en\/wp-json\/wp\/v2\/types\/page"}],"author":[{"embeddable":true,"href":"https:\/\/puttbill.com\/en\/wp-json\/wp\/v2\/users\/1"}],"replies":[{"embeddable":true,"href":"https:\/\/puttbill.com\/en\/wp-json\/wp\/v2\/comments?post=87"}],"version-history":[{"count":19,"href":"https:\/\/puttbill.com\/en\/wp-json\/wp\/v2\/pages\/87\/revisions"}],"predecessor-version":[{"id":753,"href":"https:\/\/puttbill.com\/en\/wp-json\/wp\/v2\/pages\/87\/revisions\/753"}],"up":[{"embeddable":true,"href":"https:\/\/puttbill.com\/en\/wp-json\/wp\/v2\/pages\/28"}],"wp:attachment":[{"href":"https:\/\/puttbill.com\/en\/wp-json\/wp\/v2\/media?parent=87"}],"curies":[{"name":"wp","href":"https:\/\/api.w.org\/{rel}","templated":true}]}}