{"id":32,"date":"2018-12-11T13:48:05","date_gmt":"2018-12-11T13:48:05","guid":{"rendered":"http:\/\/test.puttbill.com\/?page_id=32"},"modified":"2026-01-20T21:41:08","modified_gmt":"2026-01-20T21:41:08","slug":"comics","status":"publish","type":"page","link":"https:\/\/puttbill.com\/en\/comics\/","title":{"rendered":"Comics"},"content":{"rendered":"<section class=\"l-section wpb_row height_medium\"><div class=\"l-section-h i-cf\"><div class=\"g-cols vc_row via_flex valign_top type_default stacking_default\"><div class=\"vc_col-sm-3 wpb_column vc_column_container\"><div class=\"vc_column-inner\"><div class=\"wpb_wrapper\"><div class=\"wpb_text_column\"><div class=\"wpb_wrapper\"><h3>Reihe Anpassen oder Aussterben<\/h3>\n<\/div><\/div><div class=\"w-image align_none\"><a href=\"https:\/\/weiterdenken.de\/de\/verkehrswende-wie-geht-das\" aria-label=\"Link\" class=\"w-image-h\"><img loading=\"lazy\" decoding=\"async\" width=\"1190\" height=\"1683\" src=\"https:\/\/puttbill.com\/wp-content\/uploads\/2025\/01\/comic-verkehrswende-wie-geht-das.jpg\" class=\"attachment-full size-full\" alt=\"\" srcset=\"https:\/\/puttbill.com\/wp-content\/uploads\/2025\/01\/comic-verkehrswende-wie-geht-das.jpg 1190w, https:\/\/puttbill.com\/wp-content\/uploads\/2025\/01\/comic-verkehrswende-wie-geht-das-212x300.jpg 212w, https:\/\/puttbill.com\/wp-content\/uploads\/2025\/01\/comic-verkehrswende-wie-geht-das-724x1024.jpg 724w\" sizes=\"auto, (max-width: 1190px) 100vw, 1190px\" \/><\/a><\/div><div class=\"wpb_text_column\"><div class=\"wpb_wrapper\"><div class=\"wpb_text_column\">\n<div class=\"wpb_wrapper\">\n<h6>Verkehrswende \u2013 Wie geht das?<\/h6>\n<p>Im Sachcomic \u201cVerkehrswende \u2013 Wie geht das?\u201d besch\u00e4ftigt sich der Autor und Illustrator Felix Pestemer mit aktuellen Debatten rund um das Thema Mobilit\u00e4t. Denn die beeinflusst uns alle ganz konkret im eigenen Alltag: Verkehrschaos auf den Stra\u00dfen und in den St\u00e4dten, marode Infrastruktur, abgeh\u00e4ngte l\u00e4ndliche R\u00e4ume, ungerechte Kostenverteilung, Probleme und Chancen von E-Mobilit\u00e4t u.v.m.<\/p>\n<p><a href=\"https:\/\/weiterdenken.de\/de\/verkehrswende-wie-geht-das\">weiterlesen<\/a><\/p>\n<\/div>\n<\/div>\n<\/div><\/div><\/div><\/div><\/div><div class=\"vc_col-sm-3 wpb_column vc_column_container\"><div class=\"vc_column-inner\"><div class=\"wpb_wrapper\"><div class=\"w-image align_none\"><a href=\"\/comics\/berlin-des-wahnsinns\/\" aria-label=\"Link\" class=\"w-image-h\"><img loading=\"lazy\" decoding=\"async\" width=\"300\" height=\"300\" src=\"https:\/\/puttbill.com\/wp-content\/uploads\/2019\/05\/FelixPestemer_Berlin_des_Wahnsinns_Vorschau-300x300.jpg\" class=\"attachment-medium size-medium\" alt=\"\" srcset=\"https:\/\/puttbill.com\/wp-content\/uploads\/2019\/05\/FelixPestemer_Berlin_des_Wahnsinns_Vorschau-300x300.jpg 300w, https:\/\/puttbill.com\/wp-content\/uploads\/2019\/05\/FelixPestemer_Berlin_des_Wahnsinns_Vorschau-150x150.jpg 150w, https:\/\/puttbill.com\/wp-content\/uploads\/2019\/05\/FelixPestemer_Berlin_des_Wahnsinns_Vorschau-350x350.jpg 350w, https:\/\/puttbill.com\/wp-content\/uploads\/2019\/05\/FelixPestemer_Berlin_des_Wahnsinns_Vorschau.jpg 400w\" sizes=\"auto, (max-width: 300px) 100vw, 300px\" \/><\/a><\/div><div class=\"wpb_text_column us_custom_6c4351ee\"><div class=\"wpb_wrapper\"><h6>Berlin des Wahnsinns<\/h6>\n<p>Tiefgreifende gesellschaftliche Ver\u00e4nderungen scheinen in Berlin derzeit im Zeitraffer abzulaufen. All jene, die das Ausma\u00df der Gentrifizierung f\u00fcr unmenschlich halten, wissen gar nicht, wie recht sie damit haben \u2026<\/p>\n<p><a href=\"https:\/\/puttbill.com\/comics\/berlin-des-wahnsinns\/\">mehr lesen<\/a><\/p>\n<\/div><\/div><div class=\"w-image align_none\"><a href=\"\/comics\/karlsquell\/\" aria-label=\"Link\" class=\"w-image-h\"><img loading=\"lazy\" decoding=\"async\" width=\"300\" height=\"300\" src=\"https:\/\/puttbill.com\/wp-content\/uploads\/2019\/05\/FelixPestemer_Karlsquell_Vorschau-300x300.jpg\" class=\"attachment-medium size-medium\" alt=\"\" srcset=\"https:\/\/puttbill.com\/wp-content\/uploads\/2019\/05\/FelixPestemer_Karlsquell_Vorschau-300x300.jpg 300w, https:\/\/puttbill.com\/wp-content\/uploads\/2019\/05\/FelixPestemer_Karlsquell_Vorschau-150x150.jpg 150w, https:\/\/puttbill.com\/wp-content\/uploads\/2019\/05\/FelixPestemer_Karlsquell_Vorschau-350x350.jpg 350w, https:\/\/puttbill.com\/wp-content\/uploads\/2019\/05\/FelixPestemer_Karlsquell_Vorschau.jpg 400w\" sizes=\"auto, (max-width: 300px) 100vw, 300px\" \/><\/a><\/div><div class=\"wpb_text_column us_custom_f00db7b6\"><div class=\"wpb_wrapper\"><h6>Karlsquell<\/h6>\n<p>&#8220;Karlsquell Edel-Pils&#8221;, die Bier-Ikone, \u00fcber Jahrzehnte hinweg das billigste Bier Deutschlands (und vermutlich der ganzen Welt), wurde einst von der Punk-Band Slime mit einer Hymne bedacht. Dann kam der Dosenpfand und das tragische Aus f\u00fcr die Hausmarke von Aldi.<\/p>\n<p><a href=\"https:\/\/puttbill.com\/comics\/karlsquell\/\">mehr lesen<\/a><\/p>\n<\/div><\/div><\/div><\/div><\/div><div class=\"vc_col-sm-3 wpb_column vc_column_container\"><div class=\"vc_column-inner\"><div class=\"wpb_wrapper\"><div class=\"w-image align_none\"><a href=\"\/comics\/imrgard-adele-eleonore-wilhelmine-marie\/\" aria-label=\"Link\" class=\"w-image-h\"><img loading=\"lazy\" decoding=\"async\" width=\"300\" height=\"300\" src=\"https:\/\/puttbill.com\/wp-content\/uploads\/2019\/05\/FelixPestemer_Irmgard_Vorschau-300x300.jpg\" class=\"attachment-medium size-medium\" alt=\"\" srcset=\"https:\/\/puttbill.com\/wp-content\/uploads\/2019\/05\/FelixPestemer_Irmgard_Vorschau-300x300.jpg 300w, https:\/\/puttbill.com\/wp-content\/uploads\/2019\/05\/FelixPestemer_Irmgard_Vorschau-150x150.jpg 150w, https:\/\/puttbill.com\/wp-content\/uploads\/2019\/05\/FelixPestemer_Irmgard_Vorschau-350x350.jpg 350w, https:\/\/puttbill.com\/wp-content\/uploads\/2019\/05\/FelixPestemer_Irmgard_Vorschau.jpg 400w\" sizes=\"auto, (max-width: 300px) 100vw, 300px\" \/><\/a><\/div><div class=\"wpb_text_column\"><div class=\"wpb_wrapper\"><h6>Irmgard Adele Eleonore Wilhelmine Marie<\/h6>\n<p>Comic, Culture, Clash &#8211; in 20 Konflikten um die Welt<\/p>\n<p><a href=\"https:\/\/puttbill.com\/comics\/irmgard-adele-eleonore-wilhelmine-marie\/\">mehr lesen<\/a><\/p>\n<\/div><\/div><\/div><\/div><\/div><div class=\"vc_col-sm-3 wpb_column vc_column_container\"><div class=\"vc_column-inner\"><div class=\"wpb_wrapper\"><div class=\"w-image align_none\"><a href=\"\/comics\/autopoiesis\/\" aria-label=\"Link\" class=\"w-image-h\"><img loading=\"lazy\" decoding=\"async\" width=\"300\" height=\"300\" src=\"https:\/\/puttbill.com\/wp-content\/uploads\/2019\/05\/FelixPestemer_Autopoiesis_Vorschau-300x300.jpg\" class=\"attachment-medium size-medium\" alt=\"\" srcset=\"https:\/\/puttbill.com\/wp-content\/uploads\/2019\/05\/FelixPestemer_Autopoiesis_Vorschau-300x300.jpg 300w, https:\/\/puttbill.com\/wp-content\/uploads\/2019\/05\/FelixPestemer_Autopoiesis_Vorschau-150x150.jpg 150w, https:\/\/puttbill.com\/wp-content\/uploads\/2019\/05\/FelixPestemer_Autopoiesis_Vorschau-350x350.jpg 350w, https:\/\/puttbill.com\/wp-content\/uploads\/2019\/05\/FelixPestemer_Autopoiesis_Vorschau.jpg 400w\" sizes=\"auto, (max-width: 300px) 100vw, 300px\" \/><\/a><\/div><div class=\"wpb_text_column us_custom_4d789e30\"><div class=\"wpb_wrapper\"><h6>Autopoiesis<\/h6>\n<p>Frei nach Mr. Jonathan Swifts Gulliver, oder genauer: seinem Besuch in der Akademie von Lagado im dritten Teil des Buches, dessen Lekt\u00fcre ich dem geneigten Leser an dieser Stelle w\u00e4rmstens empfehlen m\u00f6chte.<\/p>\n<p><a href=\"https:\/\/puttbill.com\/comics\/autopoiesis\/\">mehr lesen<\/a><\/p>\n<\/div><\/div><\/div><\/div><\/div><\/div><\/div><\/section>\n","protected":false},"excerpt":{"rendered":"Reihe Anpassen oder Aussterben Verkehrswende \u2013 Wie geht das? Im Sachcomic \u201cVerkehrswende \u2013 Wie geht das?\u201d besch\u00e4ftigt sich der Autor und Illustrator Felix Pestemer mit aktuellen Debatten rund um das Thema Mobilit\u00e4t. Denn die beeinflusst uns alle ganz konkret im eigenen Alltag: Verkehrschaos auf den Stra\u00dfen und in den St\u00e4dten, marode Infrastruktur, abgeh\u00e4ngte l\u00e4ndliche R\u00e4ume,...","protected":false},"author":1,"featured_media":0,"parent":0,"menu_order":46,"comment_status":"closed","ping_status":"closed","template":"","meta":{"footnotes":""},"class_list":["post-32","page","type-page","status-publish","hentry"],"translation":{"provider":"WPGlobus","version":"3.0.1","language":"en","enabled_languages":["de","en"],"languages":{"de":{"title":true,"content":true,"excerpt":false},"en":{"title":true,"content":false,"excerpt":false}}},"_links":{"self":[{"href":"https:\/\/puttbill.com\/en\/wp-json\/wp\/v2\/pages\/32","targetHints":{"allow":["GET"]}}],"collection":[{"href":"https:\/\/puttbill.com\/en\/wp-json\/wp\/v2\/pages"}],"about":[{"href":"https:\/\/puttbill.com\/en\/wp-json\/wp\/v2\/types\/page"}],"author":[{"embeddable":true,"href":"https:\/\/puttbill.com\/en\/wp-json\/wp\/v2\/users\/1"}],"replies":[{"embeddable":true,"href":"https:\/\/puttbill.com\/en\/wp-json\/wp\/v2\/comments?post=32"}],"version-history":[{"count":25,"href":"https:\/\/puttbill.com\/en\/wp-json\/wp\/v2\/pages\/32\/revisions"}],"predecessor-version":[{"id":1923,"href":"https:\/\/puttbill.com\/en\/wp-json\/wp\/v2\/pages\/32\/revisions\/1923"}],"wp:attachment":[{"href":"https:\/\/puttbill.com\/en\/wp-json\/wp\/v2\/media?parent=32"}],"curies":[{"name":"wp","href":"https:\/\/api.w.org\/{rel}","templated":true}]}}