{"id":28,"date":"2018-12-11T13:47:22","date_gmt":"2018-12-11T13:47:22","guid":{"rendered":"http:\/\/test.puttbill.com\/?page_id=28"},"modified":"2019-08-29T14:14:05","modified_gmt":"2019-08-29T14:14:05","slug":"zeichnung","status":"publish","type":"page","link":"https:\/\/puttbill.com\/en\/zeichnung\/","title":{"rendered":"Drawings"},"content":{"rendered":"<section class=\"l-section wpb_row height_medium\"><div class=\"l-section-h i-cf\"><div class=\"g-cols vc_row via_flex valign_top type_default stacking_default\"><div class=\"vc_col-sm-3 wpb_column vc_column_container\"><div class=\"vc_column-inner\"><div class=\"wpb_wrapper\"><div class=\"w-image align_none\"><a href=\"http:\/\/test.puttbill.com\/zeichnung\/monolog\/\" aria-label=\"Link\" class=\"w-image-h\"><img loading=\"lazy\" decoding=\"async\" width=\"300\" height=\"300\" src=\"https:\/\/puttbill.com\/wp-content\/uploads\/2019\/05\/FelixPestemer_Monolog_Vorschau-300x300.jpg\" class=\"attachment-medium size-medium\" alt=\"\" srcset=\"https:\/\/puttbill.com\/wp-content\/uploads\/2019\/05\/FelixPestemer_Monolog_Vorschau-300x300.jpg 300w, https:\/\/puttbill.com\/wp-content\/uploads\/2019\/05\/FelixPestemer_Monolog_Vorschau-150x150.jpg 150w, https:\/\/puttbill.com\/wp-content\/uploads\/2019\/05\/FelixPestemer_Monolog_Vorschau-350x350.jpg 350w, https:\/\/puttbill.com\/wp-content\/uploads\/2019\/05\/FelixPestemer_Monolog_Vorschau.jpg 400w\" sizes=\"auto, (max-width: 300px) 100vw, 300px\" \/><\/a><\/div><div class=\"wpb_text_column us_custom_37acae3d\"><div class=\"wpb_wrapper\"><h6>Monologue<\/h6>\n<p>Isolated worlds located somewhere between the great beyond and the here and now.<\/p>\n<p><a href=\"https:\/\/puttbill.com\/en\/zeichnung\/monolog\/\">read more<\/a><\/p>\n<\/div><\/div><\/div><\/div><\/div><div class=\"vc_col-sm-3 wpb_column vc_column_container\"><div class=\"vc_column-inner\"><div class=\"wpb_wrapper\"><div class=\"w-image align_none\"><a href=\"http:\/\/test.puttbill.com\/zeichnung\/kalenderblaetter\/\" aria-label=\"Link\" class=\"w-image-h\"><img loading=\"lazy\" decoding=\"async\" width=\"300\" height=\"300\" src=\"https:\/\/puttbill.com\/wp-content\/uploads\/2019\/05\/FelixPestemer_Kalenderblaetter_Vorschau-300x300.jpg\" class=\"attachment-medium size-medium\" alt=\"\" srcset=\"https:\/\/puttbill.com\/wp-content\/uploads\/2019\/05\/FelixPestemer_Kalenderblaetter_Vorschau-300x300.jpg 300w, https:\/\/puttbill.com\/wp-content\/uploads\/2019\/05\/FelixPestemer_Kalenderblaetter_Vorschau-150x150.jpg 150w, https:\/\/puttbill.com\/wp-content\/uploads\/2019\/05\/FelixPestemer_Kalenderblaetter_Vorschau-350x350.jpg 350w, https:\/\/puttbill.com\/wp-content\/uploads\/2019\/05\/FelixPestemer_Kalenderblaetter_Vorschau.jpg 400w\" sizes=\"auto, (max-width: 300px) 100vw, 300px\" \/><\/a><\/div><div class=\"wpb_text_column us_custom_47003272\"><div class=\"wpb_wrapper\"><h6>Calendar Sheets<\/h6>\n<p>A serial of anecdotic illustrations citing works of mythology, art history, religion, the world of fairy-tales etcetera.<\/p>\n<p><a href=\"https:\/\/puttbill.com\/en\/zeichnung\/kalenderblaetter\/\">read more<\/a><\/p>\n<\/div><\/div><\/div><\/div><\/div><div class=\"vc_col-sm-3 wpb_column vc_column_container\"><div class=\"vc_column-inner\"><div class=\"wpb_wrapper\"><div class=\"w-image align_none\"><a href=\"http:\/\/test.puttbill.com\/zeichnung\/neukoellner_grabtuch\/\" aria-label=\"Link\" class=\"w-image-h\"><img loading=\"lazy\" decoding=\"async\" width=\"300\" height=\"300\" src=\"https:\/\/puttbill.com\/wp-content\/uploads\/2019\/05\/FelixPestemer_Neukoellner_Grabtuch_Vorschau-300x300.jpg\" class=\"attachment-medium size-medium\" alt=\"\" srcset=\"https:\/\/puttbill.com\/wp-content\/uploads\/2019\/05\/FelixPestemer_Neukoellner_Grabtuch_Vorschau-300x300.jpg 300w, https:\/\/puttbill.com\/wp-content\/uploads\/2019\/05\/FelixPestemer_Neukoellner_Grabtuch_Vorschau-150x150.jpg 150w, https:\/\/puttbill.com\/wp-content\/uploads\/2019\/05\/FelixPestemer_Neukoellner_Grabtuch_Vorschau-350x350.jpg 350w, https:\/\/puttbill.com\/wp-content\/uploads\/2019\/05\/FelixPestemer_Neukoellner_Grabtuch_Vorschau.jpg 400w\" sizes=\"auto, (max-width: 300px) 100vw, 300px\" \/><\/a><\/div><div class=\"wpb_text_column us_custom_6e0ea6f6\"><div class=\"wpb_wrapper\"><h6>Shroud of Neukoelln<\/h6>\n<p>Monster Compendium: From mythological creatures to pre-historic animals to contemporary comic figures; animated objects from history, art and literature as well as from adventure, horror and trash movies.<\/p>\n<p><a href=\"https:\/\/puttbill.com\/en\/zeichnung\/neukoellner_grabtuch\/\">read more<\/a><\/p>\n<\/div><\/div><\/div><\/div><\/div><div class=\"vc_col-sm-3 wpb_column vc_column_container\"><div class=\"vc_column-inner\"><div class=\"wpb_wrapper\"><div class=\"w-image align_none\"><a href=\"http:\/\/test.puttbill.com\/zeichnung\/life-after-apocalypse\/\" aria-label=\"Link\" class=\"w-image-h\"><img loading=\"lazy\" decoding=\"async\" width=\"300\" height=\"300\" src=\"https:\/\/puttbill.com\/wp-content\/uploads\/2019\/05\/FelixPestemer_Life_After_Apocalypse_Vorschau-300x300.jpg\" class=\"attachment-medium size-medium\" alt=\"\" srcset=\"https:\/\/puttbill.com\/wp-content\/uploads\/2019\/05\/FelixPestemer_Life_After_Apocalypse_Vorschau-300x300.jpg 300w, https:\/\/puttbill.com\/wp-content\/uploads\/2019\/05\/FelixPestemer_Life_After_Apocalypse_Vorschau-150x150.jpg 150w, https:\/\/puttbill.com\/wp-content\/uploads\/2019\/05\/FelixPestemer_Life_After_Apocalypse_Vorschau-350x350.jpg 350w, https:\/\/puttbill.com\/wp-content\/uploads\/2019\/05\/FelixPestemer_Life_After_Apocalypse_Vorschau.jpg 400w\" sizes=\"auto, (max-width: 300px) 100vw, 300px\" \/><\/a><\/div><div class=\"wpb_text_column us_custom_924ba504\"><div class=\"wpb_wrapper\"><h6>Life After Apocalypse<\/h6>\n<p>is inspired by hyper-naturalist depictions of paradise as found in the leaflets of a religious sect.<\/p>\n<p><a href=\"https:\/\/puttbill.com\/en\/zeichnung\/life-after-apocalypse\/\">read more<\/a><\/p>\n<\/div><\/div><\/div><\/div><\/div><\/div><\/div><\/section><section class=\"l-section wpb_row height_medium\"><div class=\"l-section-h i-cf\"><div class=\"g-cols vc_row via_flex valign_top type_default stacking_default\"><div class=\"vc_col-sm-3 wpb_column vc_column_container\"><div class=\"vc_column-inner\"><div class=\"wpb_wrapper\"><div class=\"w-image align_none\"><a href=\"http:\/\/test.puttbill.com\/zeichnung\/muell-und-kompost\/\" aria-label=\"Link\" class=\"w-image-h\"><img loading=\"lazy\" decoding=\"async\" width=\"300\" height=\"300\" src=\"https:\/\/puttbill.com\/wp-content\/uploads\/2019\/05\/FelixPestemer_Muell_und_Kompost_Vorschau-300x300.jpg\" class=\"attachment-medium size-medium\" alt=\"\" srcset=\"https:\/\/puttbill.com\/wp-content\/uploads\/2019\/05\/FelixPestemer_Muell_und_Kompost_Vorschau-300x300.jpg 300w, https:\/\/puttbill.com\/wp-content\/uploads\/2019\/05\/FelixPestemer_Muell_und_Kompost_Vorschau-150x150.jpg 150w, https:\/\/puttbill.com\/wp-content\/uploads\/2019\/05\/FelixPestemer_Muell_und_Kompost_Vorschau-1024x1024.jpg 1024w, https:\/\/puttbill.com\/wp-content\/uploads\/2019\/05\/FelixPestemer_Muell_und_Kompost_Vorschau-350x350.jpg 350w, https:\/\/puttbill.com\/wp-content\/uploads\/2019\/05\/FelixPestemer_Muell_und_Kompost_Vorschau-600x600.jpg 600w\" sizes=\"auto, (max-width: 300px) 100vw, 300px\" \/><\/a><\/div><div class=\"wpb_text_column us_custom_c72e5428\"><div class=\"wpb_wrapper\"><h6>Trash and Compost<\/h6>\n<p>A mummified apple core represents a vanitas in itself.<\/p>\n<p><a href=\"https:\/\/puttbill.com\/zeichnung\/muell-und-kompost\/\">read more<\/a><\/p>\n<\/div><\/div><\/div><\/div><\/div><div class=\"vc_col-sm-3 wpb_column vc_column_container\"><div class=\"vc_column-inner\"><div class=\"wpb_wrapper\"><\/div><\/div><\/div><div class=\"vc_col-sm-3 wpb_column vc_column_container\"><div class=\"vc_column-inner\"><div class=\"wpb_wrapper\"><\/div><\/div><\/div><div class=\"vc_col-sm-3 wpb_column vc_column_container\"><div class=\"vc_column-inner\"><div class=\"wpb_wrapper\"><\/div><\/div><\/div><\/div><\/div><\/section>\n","protected":false},"excerpt":{"rendered":"{:de}Monolog Isolierte Welten zwischen Diesseits und Jenseits, an denen die Zeit still steht und wir die &#8220;Geister der Toten&#8221; treffen k\u00f6nnen. mehr lesen Kalenderbl\u00e4tter Eine Serie anekdotischer Illustrationen mit Bildzitaten aus Mythologie, Kunstgeschichte, Religion, der Welt des M\u00e4rchens, &#8230; mehr lesen Neuk\u00f6llner Grabtuch Monster-Kompendium: Von mythologischen Kreaturen \u00fcber pr\u00e4historische Tiere bis zu zeitgen\u00f6ssischen Comic-Figuren, Wesen...","protected":false},"author":1,"featured_media":0,"parent":0,"menu_order":2,"comment_status":"closed","ping_status":"closed","template":"","meta":{"footnotes":""},"class_list":["post-28","page","type-page","status-publish","hentry"],"translation":{"provider":"WPGlobus","version":"3.0.1","language":"en","enabled_languages":["de","en"],"languages":{"de":{"title":true,"content":true,"excerpt":false},"en":{"title":true,"content":true,"excerpt":false}}},"_links":{"self":[{"href":"https:\/\/puttbill.com\/en\/wp-json\/wp\/v2\/pages\/28","targetHints":{"allow":["GET"]}}],"collection":[{"href":"https:\/\/puttbill.com\/en\/wp-json\/wp\/v2\/pages"}],"about":[{"href":"https:\/\/puttbill.com\/en\/wp-json\/wp\/v2\/types\/page"}],"author":[{"embeddable":true,"href":"https:\/\/puttbill.com\/en\/wp-json\/wp\/v2\/users\/1"}],"replies":[{"embeddable":true,"href":"https:\/\/puttbill.com\/en\/wp-json\/wp\/v2\/comments?post=28"}],"version-history":[{"count":25,"href":"https:\/\/puttbill.com\/en\/wp-json\/wp\/v2\/pages\/28\/revisions"}],"predecessor-version":[{"id":681,"href":"https:\/\/puttbill.com\/en\/wp-json\/wp\/v2\/pages\/28\/revisions\/681"}],"wp:attachment":[{"href":"https:\/\/puttbill.com\/en\/wp-json\/wp\/v2\/media?parent=28"}],"curies":[{"name":"wp","href":"https:\/\/api.w.org\/{rel}","templated":true}]}}