{"id":274,"date":"2019-05-13T13:49:42","date_gmt":"2019-05-13T13:49:42","guid":{"rendered":"http:\/\/test.puttbill.com\/?page_id=274"},"modified":"2019-08-29T14:22:52","modified_gmt":"2019-08-29T14:22:52","slug":"muell-und-kompost","status":"publish","type":"page","link":"https:\/\/puttbill.com\/en\/zeichnung\/muell-und-kompost\/","title":{"rendered":"Trash and Compost"},"content":{"rendered":"<section class=\"l-section wpb_row height_medium\"><div class=\"l-section-h i-cf\"><div class=\"g-cols vc_row via_flex valign_top type_default reversed stacking_default\"><div class=\"vc_col-sm-8 wpb_column vc_column_container\"><div class=\"vc_column-inner\"><div class=\"wpb_wrapper\"><div class=\"w-separator size_custom\" style=\"height:32px\"><\/div><div class=\"w-slider style_none fit_cover\"><div class=\"w-slider-h\"><div class=\"royalSlider\"><div class=\"rsContent\"><a class=\"rsImg\" data-rsw=\"1200\" data-rsh=\"848\" href=\"https:\/\/puttbill.com\/wp-content\/uploads\/2019\/05\/FelixPestemer_Muell_Kompost1.jpg\"><span data-alt=\"\"><\/span><\/a><\/div><div class=\"rsContent\"><a class=\"rsImg\" data-rsw=\"1200\" data-rsh=\"848\" href=\"https:\/\/puttbill.com\/wp-content\/uploads\/2019\/05\/FelixPestemer_Muell_Kompost2.jpg\"><span data-alt=\"\"><\/span><\/a><\/div><div class=\"rsContent\"><a class=\"rsImg\" data-rsw=\"1200\" data-rsh=\"848\" href=\"https:\/\/puttbill.com\/wp-content\/uploads\/2019\/05\/FelixPestemer_Muell_Kompost3.jpg\"><span data-alt=\"\"><\/span><\/a><\/div><div class=\"rsContent\"><a class=\"rsImg\" data-rsw=\"1200\" data-rsh=\"848\" href=\"https:\/\/puttbill.com\/wp-content\/uploads\/2019\/05\/FelixPestemer_Muell_Kompost4.jpg\"><span data-alt=\"\"><\/span><\/a><\/div><div class=\"rsContent\"><a class=\"rsImg\" data-rsw=\"1200\" data-rsh=\"848\" href=\"https:\/\/puttbill.com\/wp-content\/uploads\/2019\/05\/FelixPestemer_Muell_Kompost5.jpg\"><span data-alt=\"\"><\/span><\/a><\/div><div class=\"rsContent\"><a class=\"rsImg\" data-rsw=\"1200\" data-rsh=\"848\" href=\"https:\/\/puttbill.com\/wp-content\/uploads\/2019\/05\/FelixPestemer_Muell_Kompost6-1.jpg\"><span data-alt=\"\"><\/span><\/a><\/div><\/div><img decoding=\"async\" src=\"https:\/\/puttbill.com\/wp-content\/uploads\/2019\/05\/FelixPestemer_Muell_Kompost1.jpg\" width=\"1200\" height=\"848\" alt loading=\"lazy\"><\/div><div class=\"w-slider-json\" onclick='return {&quot;autoScaleSlider&quot;:true,&quot;loop&quot;:true,&quot;fadeInLoadedSlide&quot;:false,&quot;slidesSpacing&quot;:0,&quot;imageScalePadding&quot;:0,&quot;numImagesToPreload&quot;:2,&quot;arrowsNav&quot;:true,&quot;arrowsNavAutoHide&quot;:false,&quot;transitionType&quot;:&quot;fade&quot;,&quot;transitionSpeed&quot;:250,&quot;block&quot;:{&quot;moveEffect&quot;:&quot;none&quot;,&quot;speed&quot;:300},&quot;thumbs&quot;:{&quot;fitInViewport&quot;:false},&quot;controlNavigation&quot;:&quot;bullets&quot;,&quot;imageScaleMode&quot;:&quot;fill&quot;,&quot;autoScaleSliderWidth&quot;:1200,&quot;autoScaleSliderHeight&quot;:848}'><\/div><\/div><div class=\"w-separator size_custom\" style=\"height:50px\"><\/div><div class=\"wpb_text_column\"><div class=\"wpb_wrapper\"><p>A mummified apple core represents a vanitas in itself. There is not always the need for a skull to allegorize the transience of life. Compost and trash are perfect to serve as memento mori \u2013 if we only manage to appreciate them the way we would a relic or a ready-made. In this regard, everything is a question of perspective.<\/p>\n<\/div><\/div><\/div><\/div><\/div><div class=\"vc_col-sm-4 wpb_column vc_column_container\"><div class=\"vc_column-inner us_custom_7caf1a57\"><div class=\"wpb_wrapper\"><div class=\"wpb_text_column us_custom_ff1e569d\"><div class=\"wpb_wrapper\"><h4>Trash and Compost<\/h4>\n<\/div><\/div><div class=\"w-separator size_custom\" style=\"height:32px\"><\/div><div class=\"wpb_text_column us_custom_4baa4517\"><div class=\"wpb_wrapper\"><p>Der Gem\u00fcseg\u00e4rtner, F\u00e4lschung.<\/p>\n<\/div><\/div><div class=\"w-image us_custom_cb51840b align_left\"><div class=\"w-image-h\"><img loading=\"lazy\" decoding=\"async\" width=\"185\" height=\"300\" src=\"https:\/\/puttbill.com\/wp-content\/uploads\/2019\/05\/FelixPestemer_Muell_Kompost_Vorschau-185x300.jpg\" class=\"attachment-medium size-medium\" alt=\"\" srcset=\"https:\/\/puttbill.com\/wp-content\/uploads\/2019\/05\/FelixPestemer_Muell_Kompost_Vorschau-185x300.jpg 185w, https:\/\/puttbill.com\/wp-content\/uploads\/2019\/05\/FelixPestemer_Muell_Kompost_Vorschau.jpg 400w\" sizes=\"auto, (max-width: 185px) 100vw, 185px\" \/><\/div><\/div><\/div><\/div><\/div><\/div><\/div><\/section>\n","protected":false},"excerpt":{"rendered":"{:de}Ein mumifizierter Apfelgriebsch ist f\u00fcr sich genommen schon ein Vanitas-Stillleben. Es bedarf nicht unbedingt eines Totensch\u00e4dels, um Verg\u00e4nglichkeit zu symbolisieren. Kompost und M\u00fcll k\u00f6nnen hervorragend als Memento Mori dienen, gelingt es nur sie wie eine Reliquie oder ein Ready-Made wahrzunehmen. Alles eine Frage der Wertsch\u00e4tzung. M\u00fcll und Kompost Der Gem\u00fcseg\u00e4rtner, F\u00e4lschung. {:}{:en}A mummified apple core...","protected":false},"author":1,"featured_media":0,"parent":28,"menu_order":27,"comment_status":"closed","ping_status":"closed","template":"","meta":{"footnotes":""},"class_list":["post-274","page","type-page","status-publish","hentry"],"translation":{"provider":"WPGlobus","version":"3.0.1","language":"en","enabled_languages":["de","en"],"languages":{"de":{"title":true,"content":true,"excerpt":false},"en":{"title":true,"content":true,"excerpt":false}}},"_links":{"self":[{"href":"https:\/\/puttbill.com\/en\/wp-json\/wp\/v2\/pages\/274","targetHints":{"allow":["GET"]}}],"collection":[{"href":"https:\/\/puttbill.com\/en\/wp-json\/wp\/v2\/pages"}],"about":[{"href":"https:\/\/puttbill.com\/en\/wp-json\/wp\/v2\/types\/page"}],"author":[{"embeddable":true,"href":"https:\/\/puttbill.com\/en\/wp-json\/wp\/v2\/users\/1"}],"replies":[{"embeddable":true,"href":"https:\/\/puttbill.com\/en\/wp-json\/wp\/v2\/comments?post=274"}],"version-history":[{"count":16,"href":"https:\/\/puttbill.com\/en\/wp-json\/wp\/v2\/pages\/274\/revisions"}],"predecessor-version":[{"id":691,"href":"https:\/\/puttbill.com\/en\/wp-json\/wp\/v2\/pages\/274\/revisions\/691"}],"up":[{"embeddable":true,"href":"https:\/\/puttbill.com\/en\/wp-json\/wp\/v2\/pages\/28"}],"wp:attachment":[{"href":"https:\/\/puttbill.com\/en\/wp-json\/wp\/v2\/media?parent=274"}],"curies":[{"name":"wp","href":"https:\/\/api.w.org\/{rel}","templated":true}]}}