{"id":225,"date":"2019-05-09T13:52:19","date_gmt":"2019-05-09T13:52:19","guid":{"rendered":"http:\/\/test.puttbill.com\/?page_id=225"},"modified":"2019-08-29T08:57:42","modified_gmt":"2019-08-29T08:57:42","slug":"life-after-apocalypse","status":"publish","type":"page","link":"https:\/\/puttbill.com\/en\/zeichnung\/life-after-apocalypse\/","title":{"rendered":"Life After Apocalypse"},"content":{"rendered":"<section class=\"l-section wpb_row height_medium\"><div class=\"l-section-h i-cf\"><div class=\"g-cols vc_row via_flex valign_top type_default reversed stacking_default\"><div class=\"vc_col-sm-8 wpb_column vc_column_container\"><div class=\"vc_column-inner\"><div class=\"wpb_wrapper\"><div class=\"w-separator size_custom\" style=\"height:32px\"><\/div><div class=\"w-slider style_none fit_scaledown\"><div class=\"w-slider-h\"><div class=\"royalSlider\"><div class=\"rsContent\"><a class=\"rsImg\" data-rsw=\"1024\" data-rsh=\"804\" href=\"https:\/\/puttbill.com\/wp-content\/uploads\/2019\/05\/FelixPestemer_Apocalypse0-1-1024x804.jpg\"><span data-alt=\"\"><\/span><\/a><\/div><div class=\"rsContent\"><a class=\"rsImg\" data-rsw=\"1024\" data-rsh=\"724\" href=\"https:\/\/puttbill.com\/wp-content\/uploads\/2019\/05\/FelixPestemer_Apocalypse1a-1024x724.jpg\"><span data-alt=\"\"><\/span><\/a><\/div><div class=\"rsContent\"><a class=\"rsImg\" data-rsw=\"1024\" data-rsh=\"724\" href=\"https:\/\/puttbill.com\/wp-content\/uploads\/2019\/05\/FelixPestemer_Apocalypse2-1024x724.jpg\"><span data-alt=\"\"><\/span><\/a><\/div><div class=\"rsContent\"><a class=\"rsImg\" data-rsw=\"1024\" data-rsh=\"724\" href=\"https:\/\/puttbill.com\/wp-content\/uploads\/2019\/05\/FelixPestemer_Apocalypse3-1024x724.jpg\"><span data-alt=\"\"><\/span><\/a><\/div><div class=\"rsContent\"><a class=\"rsImg\" data-rsw=\"1024\" data-rsh=\"724\" href=\"https:\/\/puttbill.com\/wp-content\/uploads\/2019\/05\/FelixPestemer_Apocalypse3a-1024x724.jpg\"><span data-alt=\"\"><\/span><\/a><\/div><div class=\"rsContent\"><a class=\"rsImg\" data-rsw=\"1024\" data-rsh=\"724\" href=\"https:\/\/puttbill.com\/wp-content\/uploads\/2019\/05\/FelixPestemer_Apocalypse4a-1024x724.jpg\"><span data-alt=\"\"><\/span><\/a><\/div><div class=\"rsContent\"><a class=\"rsImg\" data-rsw=\"1024\" data-rsh=\"724\" href=\"https:\/\/puttbill.com\/wp-content\/uploads\/2019\/05\/FelixPestemer_Apocalypse10a-1024x724.jpg\"><span data-alt=\"\"><\/span><\/a><\/div><div class=\"rsContent\"><a class=\"rsImg\" data-rsw=\"1024\" data-rsh=\"647\" href=\"https:\/\/puttbill.com\/wp-content\/uploads\/2019\/05\/FelixPestemer_Apocalypse39-1024x647.jpg\"><span data-alt=\"\"><\/span><\/a><\/div><div class=\"rsContent\"><a class=\"rsImg\" data-rsw=\"1024\" data-rsh=\"724\" href=\"https:\/\/puttbill.com\/wp-content\/uploads\/2019\/06\/FelixPestemer_Apocalypse6-1024x724.jpg\"><span data-alt=\"\"><\/span><\/a><\/div><\/div><img decoding=\"async\" src=\"https:\/\/puttbill.com\/wp-content\/uploads\/2019\/05\/FelixPestemer_Apocalypse0-1-1024x804.jpg\" width=\"1024\" height=\"804\" alt loading=\"lazy\"><\/div><div class=\"w-slider-json\" onclick='return {&quot;autoScaleSlider&quot;:true,&quot;loop&quot;:true,&quot;fadeInLoadedSlide&quot;:false,&quot;slidesSpacing&quot;:0,&quot;imageScalePadding&quot;:0,&quot;numImagesToPreload&quot;:2,&quot;arrowsNav&quot;:true,&quot;arrowsNavAutoHide&quot;:false,&quot;transitionType&quot;:&quot;fade&quot;,&quot;transitionSpeed&quot;:250,&quot;block&quot;:{&quot;moveEffect&quot;:&quot;none&quot;,&quot;speed&quot;:300},&quot;thumbs&quot;:{&quot;fitInViewport&quot;:false},&quot;controlNavigation&quot;:&quot;none&quot;,&quot;imageScaleMode&quot;:&quot;fit-if-smaller&quot;,&quot;autoScaleSliderWidth&quot;:1024,&quot;autoScaleSliderHeight&quot;:804}'><\/div><\/div><\/div><\/div><\/div><div class=\"vc_col-sm-4 wpb_column vc_column_container\"><div class=\"vc_column-inner\"><div class=\"wpb_wrapper\"><div class=\"wpb_text_column us_custom_a1fac8ab\"><div class=\"wpb_wrapper\"><div class=\"ce_text block\">\n<h4>Life After Apocalypse<\/h4>\n<p>&#8216;Life After Apocalypse&#8217; is inspired by hyper-naturalist depictions of paradise as found in the leaflets of a religious sect. They serve as reference to a modified, satirical version of the imagined \u201cpeaceful new world\u201d. The serial attempts to examine these sceneries with an analytic eye, to single out their aesthetic components, to rearrange and to alter them \u2013 up to a point where its sheer absurdity leads to the dissolution of Arcadia.<\/p>\n<\/div>\n<\/div><\/div><\/div><\/div><\/div><\/div><\/div><\/section>\n","protected":false},"excerpt":{"rendered":"{:de} Life After Apocalypse &#8216;Life After Apocalypse&#8217; basiert auf supranaturalistischen Paradiesdarstellungen von Flugbl\u00e4ttern einer religi\u00f6sen Sekte, die als Vorlage f\u00fcr eine frisierte, ironisierte Fassung der darauf dargestellten &#8220;friedlichen neuen Welt&#8221; dienten. Die Serie versucht die Panoramen mit analytischem Auge unter die Lupe zu nehmen, ihre \u00e4sthetischen Elemente zu isolieren, neu zu kombinieren und zu verfremden,...","protected":false},"author":1,"featured_media":0,"parent":28,"menu_order":26,"comment_status":"closed","ping_status":"closed","template":"","meta":{"footnotes":""},"class_list":["post-225","page","type-page","status-publish","hentry"],"translation":{"provider":"WPGlobus","version":"3.0.1","language":"en","enabled_languages":["de","en"],"languages":{"de":{"title":true,"content":true,"excerpt":false},"en":{"title":true,"content":true,"excerpt":false}}},"_links":{"self":[{"href":"https:\/\/puttbill.com\/en\/wp-json\/wp\/v2\/pages\/225","targetHints":{"allow":["GET"]}}],"collection":[{"href":"https:\/\/puttbill.com\/en\/wp-json\/wp\/v2\/pages"}],"about":[{"href":"https:\/\/puttbill.com\/en\/wp-json\/wp\/v2\/types\/page"}],"author":[{"embeddable":true,"href":"https:\/\/puttbill.com\/en\/wp-json\/wp\/v2\/users\/1"}],"replies":[{"embeddable":true,"href":"https:\/\/puttbill.com\/en\/wp-json\/wp\/v2\/comments?post=225"}],"version-history":[{"count":10,"href":"https:\/\/puttbill.com\/en\/wp-json\/wp\/v2\/pages\/225\/revisions"}],"predecessor-version":[{"id":610,"href":"https:\/\/puttbill.com\/en\/wp-json\/wp\/v2\/pages\/225\/revisions\/610"}],"up":[{"embeddable":true,"href":"https:\/\/puttbill.com\/en\/wp-json\/wp\/v2\/pages\/28"}],"wp:attachment":[{"href":"https:\/\/puttbill.com\/en\/wp-json\/wp\/v2\/media?parent=225"}],"curies":[{"name":"wp","href":"https:\/\/api.w.org\/{rel}","templated":true}]}}