{"id":219,"date":"2019-05-09T13:51:06","date_gmt":"2019-05-09T13:51:06","guid":{"rendered":"http:\/\/test.puttbill.com\/?page_id=219"},"modified":"2020-06-08T13:32:20","modified_gmt":"2020-06-08T13:32:20","slug":"berlin-des-wahnsinns","status":"publish","type":"page","link":"https:\/\/puttbill.com\/en\/comics\/berlin-des-wahnsinns\/","title":{"rendered":"Berlin des Wahnsinns"},"content":{"rendered":"<section class=\"l-section wpb_row height_medium\"><div class=\"l-section-h i-cf\"><div class=\"g-cols vc_row via_flex valign_top type_default reversed stacking_default\"><div class=\"vc_col-sm-8 wpb_column vc_column_container\"><div class=\"vc_column-inner\"><div class=\"wpb_wrapper\"><div class=\"w-separator size_custom\" style=\"height:32px\"><\/div><div class=\"w-slider style_none fit_scaledown\"><div class=\"w-slider-h\"><div class=\"royalSlider\"><div class=\"rsContent\"><a class=\"rsImg\" data-rsw=\"1024\" data-rsh=\"760\" href=\"https:\/\/puttbill.com\/wp-content\/uploads\/2020\/06\/bdw0203-1024x760.jpg\"><span data-alt=\"\"><\/span><\/a><\/div><div class=\"rsContent\"><a class=\"rsImg\" data-rsw=\"1024\" data-rsh=\"760\" href=\"https:\/\/puttbill.com\/wp-content\/uploads\/2020\/06\/bdw0405-1024x760.jpg\"><span data-alt=\"\"><\/span><\/a><\/div><div class=\"rsContent\"><a class=\"rsImg\" data-rsw=\"1024\" data-rsh=\"760\" href=\"https:\/\/puttbill.com\/wp-content\/uploads\/2020\/06\/bdw0607-1024x760.jpg\"><span data-alt=\"\"><\/span><\/a><\/div><div class=\"rsContent\"><a class=\"rsImg\" data-rsw=\"1024\" data-rsh=\"760\" href=\"https:\/\/puttbill.com\/wp-content\/uploads\/2020\/06\/bdw0809-1024x760.jpg\"><span data-alt=\"\"><\/span><\/a><\/div><div class=\"rsContent\"><a class=\"rsImg\" data-rsw=\"1024\" data-rsh=\"760\" href=\"https:\/\/puttbill.com\/wp-content\/uploads\/2020\/06\/bdw1011-1024x760.jpg\"><span data-alt=\"\"><\/span><\/a><\/div><div class=\"rsContent\"><a class=\"rsImg\" data-rsw=\"1024\" data-rsh=\"760\" href=\"https:\/\/puttbill.com\/wp-content\/uploads\/2020\/06\/bdw1213-1024x760.jpg\"><span data-alt=\"\"><\/span><\/a><\/div><div class=\"rsContent\"><a class=\"rsImg\" data-rsw=\"1024\" data-rsh=\"760\" href=\"https:\/\/puttbill.com\/wp-content\/uploads\/2020\/06\/bdw1415-1024x760.jpg\"><span data-alt=\"\"><\/span><\/a><\/div><\/div><img decoding=\"async\" src=\"https:\/\/puttbill.com\/wp-content\/uploads\/2020\/06\/bdw0203-1024x760.jpg\" width=\"1024\" height=\"760\" alt loading=\"lazy\"><\/div><div class=\"w-slider-json\" onclick='return {&quot;autoScaleSlider&quot;:true,&quot;loop&quot;:true,&quot;fadeInLoadedSlide&quot;:false,&quot;slidesSpacing&quot;:0,&quot;imageScalePadding&quot;:0,&quot;numImagesToPreload&quot;:2,&quot;arrowsNav&quot;:true,&quot;arrowsNavAutoHide&quot;:false,&quot;transitionType&quot;:&quot;move&quot;,&quot;transitionSpeed&quot;:250,&quot;block&quot;:{&quot;moveEffect&quot;:&quot;none&quot;,&quot;speed&quot;:300},&quot;thumbs&quot;:{&quot;fitInViewport&quot;:false},&quot;controlNavigation&quot;:&quot;none&quot;,&quot;imageScaleMode&quot;:&quot;fit-if-smaller&quot;,&quot;autoScaleSliderWidth&quot;:1024,&quot;autoScaleSliderHeight&quot;:760}'><\/div><\/div><div class=\"wpb_text_column\"><div class=\"wpb_wrapper\"><div>Tiefgreifende gesellschaftliche Ver\u00e4nderungen laufen in Berlin derzeit im Zeitraffer ab. Der Immobilienmarkt spielt verr\u00fcckt, die Verdr\u00e4ngung ist in vollem Gange und immer mehr Leute finden sich auf der Stra\u00dfe wieder. Jene, die ein solches Ausma\u00df an Gentrifizierung f\u00fcr unmenschlich halten, wissen gar nicht, wie recht sie damit haben &#8230;<\/div>\n<div>( \u00a9 Felix Pestemer, frei nach H.P. Lovecrafts &#8216;Berge des Wahnsinns&#8217;)<\/div>\n<\/div><\/div><\/div><\/div><\/div><div class=\"vc_col-sm-4 wpb_column vc_column_container\"><div class=\"vc_column-inner us_custom_a65f52c1\"><div class=\"wpb_wrapper\"><div class=\"wpb_text_column us_custom_185f12da\"><div class=\"wpb_wrapper\"><h4>Berlin des Wahnsinns<\/h4>\n<\/div><\/div><div class=\"wpb_text_column us_custom_9e7c33df\"><div class=\"wpb_wrapper\"><\/div><\/div><div class=\"w-image align_none\"><div class=\"w-image-h\"><img loading=\"lazy\" decoding=\"async\" width=\"202\" height=\"300\" src=\"https:\/\/puttbill.com\/wp-content\/uploads\/2019\/05\/FelixPestemer_Berlin_des_Wahnsinns_Vorschau-1-202x300.jpg\" class=\"attachment-medium size-medium\" alt=\"\" srcset=\"https:\/\/puttbill.com\/wp-content\/uploads\/2019\/05\/FelixPestemer_Berlin_des_Wahnsinns_Vorschau-1-202x300.jpg 202w, https:\/\/puttbill.com\/wp-content\/uploads\/2019\/05\/FelixPestemer_Berlin_des_Wahnsinns_Vorschau-1-690x1024.jpg 690w, https:\/\/puttbill.com\/wp-content\/uploads\/2019\/05\/FelixPestemer_Berlin_des_Wahnsinns_Vorschau-1.jpg 1200w\" sizes=\"auto, (max-width: 202px) 100vw, 202px\" \/><\/div><\/div><\/div><\/div><\/div><\/div><\/div><\/section>\n","protected":false},"excerpt":{"rendered":"{:de}Tiefgreifende gesellschaftliche Ver\u00e4nderungen laufen in Berlin derzeit im Zeitraffer ab. Der Immobilienmarkt spielt verr\u00fcckt, die Verdr\u00e4ngung ist in vollem Gange und immer mehr Leute finden sich auf der Stra\u00dfe wieder. Jene, die ein solches Ausma\u00df an Gentrifizierung f\u00fcr unmenschlich halten, wissen gar nicht, wie recht sie damit haben &#8230; ( \u00a9 Felix Pestemer, frei nach...","protected":false},"author":1,"featured_media":0,"parent":32,"menu_order":43,"comment_status":"closed","ping_status":"closed","template":"","meta":{"footnotes":""},"class_list":["post-219","page","type-page","status-publish","hentry"],"translation":{"provider":"WPGlobus","version":"3.0.1","language":"en","enabled_languages":["de","en"],"languages":{"de":{"title":true,"content":true,"excerpt":false},"en":{"title":true,"content":true,"excerpt":false}}},"_links":{"self":[{"href":"https:\/\/puttbill.com\/en\/wp-json\/wp\/v2\/pages\/219","targetHints":{"allow":["GET"]}}],"collection":[{"href":"https:\/\/puttbill.com\/en\/wp-json\/wp\/v2\/pages"}],"about":[{"href":"https:\/\/puttbill.com\/en\/wp-json\/wp\/v2\/types\/page"}],"author":[{"embeddable":true,"href":"https:\/\/puttbill.com\/en\/wp-json\/wp\/v2\/users\/1"}],"replies":[{"embeddable":true,"href":"https:\/\/puttbill.com\/en\/wp-json\/wp\/v2\/comments?post=219"}],"version-history":[{"count":13,"href":"https:\/\/puttbill.com\/en\/wp-json\/wp\/v2\/pages\/219\/revisions"}],"predecessor-version":[{"id":1920,"href":"https:\/\/puttbill.com\/en\/wp-json\/wp\/v2\/pages\/219\/revisions\/1920"}],"up":[{"embeddable":true,"href":"https:\/\/puttbill.com\/en\/wp-json\/wp\/v2\/pages\/32"}],"wp:attachment":[{"href":"https:\/\/puttbill.com\/en\/wp-json\/wp\/v2\/media?parent=219"}],"curies":[{"name":"wp","href":"https:\/\/api.w.org\/{rel}","templated":true}]}}