{"id":215,"date":"2019-05-09T13:50:23","date_gmt":"2019-05-09T13:50:23","guid":{"rendered":"http:\/\/test.puttbill.com\/?page_id=215"},"modified":"2019-08-29T14:23:46","modified_gmt":"2019-08-29T14:23:46","slug":"zierzecke-nihilt","status":"publish","type":"page","link":"https:\/\/puttbill.com\/en\/buecher\/zierzecke-nihilt\/","title":{"rendered":"Nihilit the Tick"},"content":{"rendered":"<section class=\"l-section wpb_row height_medium\"><div class=\"l-section-h i-cf\"><div class=\"g-cols vc_row via_flex valign_top type_default reversed stacking_default\"><div class=\"vc_col-sm-8 wpb_column vc_column_container\"><div class=\"vc_column-inner\"><div class=\"wpb_wrapper\"><div class=\"w-separator size_custom\" style=\"height:32px\"><\/div><div class=\"w-slider style_none fit_cover\"><div class=\"w-slider-h\"><div class=\"royalSlider\"><div class=\"rsContent\"><a class=\"rsImg\" data-rsw=\"1200\" data-rsh=\"831\" href=\"https:\/\/puttbill.com\/wp-content\/uploads\/2019\/05\/FelixPestemer_Zierzecke_1.jpg\"><span data-alt=\"\"><\/span><\/a><div class=\"rsABlock\" data-fadeEffect=\"false\" data-moveEffect=\"none\"><div class=\"w-slider-item-title\">Startschuss f\u00fcrs Trainingsprogramm auf der Donaueiche.<\/div><\/div><\/div><div class=\"rsContent\"><a class=\"rsImg\" data-rsw=\"1200\" data-rsh=\"830\" href=\"https:\/\/puttbill.com\/wp-content\/uploads\/2019\/05\/FelixPestemer_Zierzecke_2.jpg\"><span data-alt=\"\"><\/span><\/a><div class=\"rsABlock\" data-fadeEffect=\"false\" data-moveEffect=\"none\"><div class=\"w-slider-item-title\">Trimm-Dich-Pfad, 2. Station: Hindernisritt auf dem Mistk\u00e4fer.<\/div><\/div><\/div><div class=\"rsContent\"><a class=\"rsImg\" data-rsw=\"1200\" data-rsh=\"831\" href=\"https:\/\/puttbill.com\/wp-content\/uploads\/2019\/05\/FelixPestemer_Zierzecke_3.jpg\"><span data-alt=\"\"><\/span><\/a><div class=\"rsABlock\" data-fadeEffect=\"false\" data-moveEffect=\"none\"><div class=\"w-slider-item-title\">Trimm-Dich-Pfad, 3. Station: Ausweichman\u00f6ver.<\/div><\/div><\/div><div class=\"rsContent\"><a class=\"rsImg\" data-rsw=\"1200\" data-rsh=\"835\" href=\"https:\/\/puttbill.com\/wp-content\/uploads\/2019\/05\/FelixPestemer_Zierzecke_4.jpg\"><span data-alt=\"\"><\/span><\/a><div class=\"rsABlock\" data-fadeEffect=\"false\" data-moveEffect=\"none\"><div class=\"w-slider-item-title\">Trimm-Dich-Pfad, 4. Station: Navigationstraining im Labyrinth.<\/div><\/div><\/div><div class=\"rsContent\"><a class=\"rsImg\" data-rsw=\"1200\" data-rsh=\"831\" href=\"https:\/\/puttbill.com\/wp-content\/uploads\/2019\/05\/FelixPestemer_Zierzecke_5.jpg\"><span data-alt=\"\"><\/span><\/a><div class=\"rsABlock\" data-fadeEffect=\"false\" data-moveEffect=\"none\"><div class=\"w-slider-item-title\">Trimm-Dich-Pfad, 5. Station: Slalom durch die Blattlauskolonie.<\/div><\/div><\/div><div class=\"rsContent\"><a class=\"rsImg\" data-rsw=\"1200\" data-rsh=\"831\" href=\"https:\/\/puttbill.com\/wp-content\/uploads\/2019\/05\/FelixPestemer_Zierzecke_6.jpg\"><span data-alt=\"\"><\/span><\/a><div class=\"rsABlock\" data-fadeEffect=\"false\" data-moveEffect=\"none\"><div class=\"w-slider-item-title\">Trimm-Dich-Pfad, 6. Station: Kaffekr\u00e4nzchen mit der Kreuzspinne.<\/div><\/div><\/div><\/div><img decoding=\"async\" src=\"https:\/\/puttbill.com\/wp-content\/uploads\/2019\/05\/FelixPestemer_Zierzecke_1.jpg\" width=\"1200\" height=\"831\" alt loading=\"lazy\"><\/div><div class=\"w-slider-json\" onclick='return {&quot;autoScaleSlider&quot;:true,&quot;loop&quot;:true,&quot;fadeInLoadedSlide&quot;:false,&quot;slidesSpacing&quot;:0,&quot;imageScalePadding&quot;:0,&quot;numImagesToPreload&quot;:2,&quot;arrowsNav&quot;:true,&quot;arrowsNavAutoHide&quot;:false,&quot;transitionType&quot;:&quot;fade&quot;,&quot;transitionSpeed&quot;:250,&quot;block&quot;:{&quot;moveEffect&quot;:&quot;none&quot;,&quot;speed&quot;:300},&quot;thumbs&quot;:{&quot;fitInViewport&quot;:false},&quot;controlNavigation&quot;:&quot;bullets&quot;,&quot;imageScaleMode&quot;:&quot;fill&quot;,&quot;autoScaleSliderWidth&quot;:1200,&quot;autoScaleSliderHeight&quot;:831}'><\/div><\/div><div class=\"w-separator size_custom\" style=\"height:50px\"><\/div><div class=\"wpb_text_column\"><div class=\"wpb_wrapper\"><p>In countess Potrulla\u2019s possession is \u201eHell Fire\u201c, one of the most magnificent rubies known to man. However, the precious stone means almost nothing to her. She would much more enjoy enslaving the ornamental tick Nihilit. The reason is simple: When Nihilt swells up to the size of a hen\u2019s egg, it sends out a sparkling red light that can illuminate the darkest room. Finally, Potrulla puts out a reward: Whoever catches the elusive parasite will receive silver to the amount of twelve times his own weight.<\/p>\n<p>Nihilit knows about the chase. To be prepared for the worst case, the tick is sticking to its daily exercises on the keep-fit trail atop Thor\u2019s Oak. Until that fateful day when a wild boar rubs against the tree \u2026<\/p>\n<\/div><\/div><\/div><\/div><\/div><div class=\"vc_col-sm-4 wpb_column vc_column_container\"><div class=\"vc_column-inner us_custom_7caf1a57\"><div class=\"wpb_wrapper\"><div class=\"wpb_text_column us_custom_93ef789d\"><div class=\"wpb_wrapper\"><h4>Nihilt the Tick<\/h4>\n<\/div><\/div><div class=\"wpb_text_column\"><div class=\"wpb_wrapper\"><p><em>Picture-book Fable with 18 full-page illustrations<br \/>\n48 pages, 27 x 20 cm<\/em><\/p>\n<\/div><\/div><div class=\"w-image align_none\"><div class=\"w-image-h\"><img loading=\"lazy\" decoding=\"async\" width=\"300\" height=\"300\" src=\"https:\/\/puttbill.com\/wp-content\/uploads\/2019\/05\/FelixPestemer_Zierzecke_Cover.jpg\" class=\"attachment-medium size-medium\" alt=\"\" srcset=\"https:\/\/puttbill.com\/wp-content\/uploads\/2019\/05\/FelixPestemer_Zierzecke_Cover.jpg 300w, https:\/\/puttbill.com\/wp-content\/uploads\/2019\/05\/FelixPestemer_Zierzecke_Cover-150x150.jpg 150w\" sizes=\"auto, (max-width: 300px) 100vw, 300px\" \/><\/div><\/div><\/div><\/div><\/div><\/div><\/div><\/section>\n","protected":false},"excerpt":{"rendered":"{:de}Startschuss f\u00fcrs Trainingsprogramm auf der Donaueiche.Trimm-Dich-Pfad, 2. Station: Hindernisritt auf dem Mistk\u00e4fer.Trimm-Dich-Pfad, 3. Station: Ausweichman\u00f6ver.Trimm-Dich-Pfad, 4. Station: Navigationstraining im Labyrinth.Trimm-Dich-Pfad, 5. Station: Slalom durch die Blattlauskolonie.Trimm-Dich-Pfad, 6. Station: Kaffekr\u00e4nzchen mit der Kreuzspinne.Die Gr\u00e4fin Potrulla besitzt mit dem &#8220;H\u00f6llenfeuer&#8221; einen der pr\u00e4chtigsten Rubine. Doch das wertvolle St\u00fcck bedeutet ihr wenig. Viel lieber h\u00e4tte sie die Zierzecke...","protected":false},"author":1,"featured_media":0,"parent":30,"menu_order":36,"comment_status":"closed","ping_status":"closed","template":"","meta":{"footnotes":""},"class_list":["post-215","page","type-page","status-publish","hentry"],"translation":{"provider":"WPGlobus","version":"3.0.1","language":"en","enabled_languages":["de","en"],"languages":{"de":{"title":true,"content":true,"excerpt":false},"en":{"title":true,"content":true,"excerpt":false}}},"_links":{"self":[{"href":"https:\/\/puttbill.com\/en\/wp-json\/wp\/v2\/pages\/215","targetHints":{"allow":["GET"]}}],"collection":[{"href":"https:\/\/puttbill.com\/en\/wp-json\/wp\/v2\/pages"}],"about":[{"href":"https:\/\/puttbill.com\/en\/wp-json\/wp\/v2\/types\/page"}],"author":[{"embeddable":true,"href":"https:\/\/puttbill.com\/en\/wp-json\/wp\/v2\/users\/1"}],"replies":[{"embeddable":true,"href":"https:\/\/puttbill.com\/en\/wp-json\/wp\/v2\/comments?post=215"}],"version-history":[{"count":19,"href":"https:\/\/puttbill.com\/en\/wp-json\/wp\/v2\/pages\/215\/revisions"}],"predecessor-version":[{"id":693,"href":"https:\/\/puttbill.com\/en\/wp-json\/wp\/v2\/pages\/215\/revisions\/693"}],"up":[{"embeddable":true,"href":"https:\/\/puttbill.com\/en\/wp-json\/wp\/v2\/pages\/30"}],"wp:attachment":[{"href":"https:\/\/puttbill.com\/en\/wp-json\/wp\/v2\/media?parent=215"}],"curies":[{"name":"wp","href":"https:\/\/api.w.org\/{rel}","templated":true}]}}