{"id":178,"date":"2019-05-03T09:09:11","date_gmt":"2019-05-03T09:09:11","guid":{"rendered":"http:\/\/test.puttbill.com\/?page_id=178"},"modified":"2025-11-20T13:44:23","modified_gmt":"2025-11-20T13:44:23","slug":"bio","status":"publish","type":"page","link":"https:\/\/puttbill.com\/en\/bio\/","title":{"rendered":"Bio"},"content":{"rendered":"<div class=\"ce_text block\">\n<h2>Bio<\/h2>\n<p>Felix Pestemer (born in Braunschweig in 1974) studied fine art at the Berlin University of the Arts and illustration at the Escola Massana in Barcelona. Since then, he has been working at the intersection of both disciplines: comics and stories in book format form a fluid transition to narrative graphic series. His first graphic novel, Der Staub der Ahnen (The Dust of the Ancestors, 2012), was nominated for the Max und Moritz Award and is based on a one-year DAAD research stay in Mexico. The albums \u201cIn the Eye of the Beholder \u2013 A Tour of the Old National Gallery&#8221; (2019) and \u201cAlles bleibt anders \u2013 Das Konzerthaus Berlin und seine Geschichte(n)\u201d (Everything Remains Different \u2013 The Berlin Concert Hall and its History\/Stories, 2021) are dedicated to the urban and cultural history of his adopted home, Berlin. Since 2023, Pestemer has been developing climate protection comics in cooperation with experts.<\/p>\n<p>&nbsp;<\/p>\n<\/div>\n<div class=\"ce_text block\">\n<h3>Solo Exhibitions<\/h3>\n<table class=\"ausstellung\" summary=\"Auflistung der Einzelausstellungen von Felix Pestemer sortiert nach Jahren, absteigend.\">\n<tbody>\n<tr>\n<td>2019<\/td>\n<td>\u201eIn the eye of the beholder&#8221;, Bookshop of the James Simon Gallery<\/td>\n<\/tr>\n<tr>\n<td>2016<\/td>\n<td><a title=\"Exhibition 'Die Schraube', Akademie der K\u00fcnste Berlin\" href=\"https:\/\/puttbill.com\/en\/der-deutsche-hans\/\">&#8216;Die Schraube&#8217;, Akademie der K\u00fcnste Berlin<\/a><\/td>\n<\/tr>\n<tr>\n<td>2014<\/td>\n<td><a title=\"Exhibition 'El polvo de los antepasados', Museo de Arte Popular, Mexico-City\" href=\"https:\/\/puttbill.com\/en\/ausstellung-im-museo-de-arte-popular-in-mexiko-stadt\/\">&#8220;El polvo de los antepasados&#8221;, Museo de Arte Popular, Mexico-City<\/a><\/td>\n<\/tr>\n<tr>\n<td>2013<\/td>\n<td><a title=\"Exhibition 'The Dust of the Ancestors', Literaturhaus Stuttgart\" href=\"https:\/\/puttbill.com\/en\/der-staub-der-ahnen-im-literaturhaus-stuttgart\/\">&#8220;The Dust of the Ancestors&#8221;, Literaturhaus, Stuttgart<\/a><\/td>\n<\/tr>\n<tr>\n<td><\/td>\n<td><a title=\"Exhibition 'The Dust of the Ancestors', Linz\" href=\"https:\/\/puttbill.com\/en\/der-kaiser-von-mexiko-war-oesterreicher\/\">&#8220;The Dust of the Ancestors&#8221;, Kunstsammlung, Linz<\/a><\/td>\n<\/tr>\n<tr>\n<td>2012<\/td>\n<td><a title=\"Exhibition 'The Dust of the Ancestors' in Kassel\" href=\"https:\/\/puttbill.com\/en\/mexikanisches-totenfest-und-ausstellung-von-der-staub-der-ahnen-im-sepulkralmuseum-kassel\/\">&#8220;The Dust of the Ancestors&#8221;, Museum for Sepulchral Culture, Kassel<\/a><\/td>\n<\/tr>\n<tr>\n<td><\/td>\n<td><a title=\"Exhibition 'BLUE POX'\" href=\"https:\/\/puttbill.com\/en\/ausstellung-blue-pox-bei-martinski-fine-arts\/\">&#8220;BLUE POX&#8221;, Martinski Fine Arts, Berlin<\/a><\/td>\n<\/tr>\n<tr>\n<td><\/td>\n<td><a title=\"Exhibition 'The Dust of the Ancestors', Erlangen\" href=\"https:\/\/puttbill.com\/en\/der-staub-der-ahnen-nominiert-fuer-den-max-und-moritz-preis-2012-ausstellung-am-altstadtmarkt-in-erlangen-vom-7-10-juni-2012\/\">&#8220;The Dust of the Ancestors&#8221;, Altstadtmarkt, Erlangen<\/a><\/td>\n<\/tr>\n<tr>\n<td><\/td>\n<td><a title=\"Exhibition 'A Peyote Trip'\" href=\"https:\/\/puttbill.com\/en\/satellitenausstellung-auf-dem-fumetto-2012\/\">&#8220;A Peyote Trip&#8221; &#8211; Fumetto Satellite Exhibition, Apero Meyer, Lucerne<\/a><\/td>\n<\/tr>\n<tr>\n<td><\/td>\n<td><a title=\"Exhibition 'La Poussi\u00e8re de A\u00efeux' - 'The Dust of the Ancestors'\" href=\"https:\/\/puttbill.com\/en\/ausstellung-in-der-mexikanischen-botschaft\/\">&#8220;La Poussi\u00e8re de A\u00efeux&#8221; &#8211; Archives D\u00e9partementales, Angoul\u00eame<\/a><\/td>\n<\/tr>\n<tr>\n<td>2010<\/td>\n<td><a title=\"Exhibition \u201cQue Viva M\u00e9xico\u201d\" href=\"https:\/\/puttbill.com\/en\/ausstellung-in-der-mexikanischen-botschaft\/\">&#8220;Que Viva M\u00e9xico&#8221;, Mexican Embassy in Germany, Berlin<\/a><\/td>\n<\/tr>\n<tr>\n<td>2009<\/td>\n<td><a title=\"Exhibition \u201cPolvo \u2013 Day of the Dead\u201d\" href=\"https:\/\/puttbill.com\/en\/polvo-im-bozarshop-in-bruessel\/\">&#8220;Polvo \u2013 Day of the Dead&#8221;, Epitaaf \/ Ateliers Salu, Brussels<\/a><\/td>\n<\/tr>\n<tr>\n<td>2008<\/td>\n<td><a title=\"Exhibition \u201cWelcome the Stranger - The Puttbill Parables\u201d\" href=\"https:\/\/puttbill.com\/en\/welcome-the-stranger-im-martinski-fine-arts\/\">&#8220;Welcome the Stranger &#8211; The Puttbill Parables&#8221;, Martinski Fine Arts, Berlin<\/a><\/td>\n<\/tr>\n<tr>\n<td>2007<\/td>\n<td><a title=\"Exhibition \u201cNEOPHYTE PLASMA \u2013 Idols of Decay and Tedium elics\u201d\" href=\"https:\/\/puttbill.com\/en\/neophytenplasma-verfallsgoetzen-alltagsreliquien\/\">&#8220;NEOPHYTE PLASMA \u2013 Idols of Decay and Tedium Relics&#8221;, Galerie Bob Parsley, Berlin<\/a><\/td>\n<\/tr>\n<\/tbody>\n<\/table>\n<p>&nbsp;<\/p>\n<\/div>\n<div class=\"ce_text block\">\n<h3>Group Exhibitions<\/h3>\n<table class=\"ausstellung\" style=\"height: 1005px;\" summary=\"Auflistung der Gemeinschaftsausstellungen von Felix Pestemer sortiert nach Jahren, absteigend.\" width=\"776\">\n<tbody>\n<tr>\n<td>2020<\/td>\n<td><a title=\"... Give me the Place, Museum for Sepulcral Culture\" href=\"https:\/\/puttbill.com\/en\/gib-mir-den-ort\/\">&#8220;&#8230; Give me the Place&#8221;, Museum for Sepulcral Culture<\/a><\/td>\n<\/tr>\n<tr>\n<td>2019<\/td>\n<td>&#8220;In the eye of the beholder&#8221; (Exhibition comiXconnection), Museum Europ\u00e4ischer Kulturen<\/td>\n<\/tr>\n<tr>\n<td>2018<\/td>\n<td><a title=\"Exhibition \" href=\"https:\/\/puttbill.com\/en\/workshops-comics-zu-gemaelden-des-19-jahrhunderts\/\">&#8220;The 9th Art&#8221;, Horst Janssen Museum, Oldenburg<\/a><\/td>\n<\/tr>\n<tr>\n<td>2017<\/td>\n<td><a title=\"Exhibition Picnic Time, Museum f\u00fcr Angewandte Kunst, Frankfurt\/M.\" href=\"https:\/\/puttbill.com\/en\/ausstellung-picknick-zeit-im-museum-fuer-angewandte-kunst\/\">Exhibition Picnic Time, Museum f\u00fcr Angewandte Kunst, Frankfurt\/M.<\/a><\/td>\n<\/tr>\n<tr>\n<td>2016<\/td>\n<td><a title=\"\" href=\"https:\/\/puttbill.com\/en\/beer-all-about-thirst-book-release-and-exhibition-at-the-beer-and-oktoberfest-museum\/\">Bier- und Oktoberfestmuseum, M\u00fcnchen<\/a><\/td>\n<\/tr>\n<tr>\n<td>2014<\/td>\n<td>Horst-Janssen-Museum, Oldenburg<\/td>\n<\/tr>\n<tr>\n<td>2013<\/td>\n<td><a title=\"Exhibition \" href=\"https:\/\/puttbill.com\/en\/comics-aus-berlin-bilder-einer-stadt\/\">&#8220;Comics from Berlin. Pictures of a City&#8221;, Haus der Berliner Festspiele, Berlin<\/a><\/td>\n<\/tr>\n<tr>\n<td><\/td>\n<td><a title=\"Exhibition '11 Years, 11 Days and 11 Seconds', Berlin\" href=\"https:\/\/puttbill.com\/en\/11-jahre-11-tage-11-sekunden-comics-graphic-novels-aus-dem-avant-verlag\/\">&#8220;11 Years, 11 Days and 11 Seconds&#8221; &#8211; an Anniversary Exhibition of the Avant Publishing House, Neurotitan, Berlin<\/a><\/td>\n<\/tr>\n<tr>\n<td>2011<\/td>\n<td><a title=\"Exhibition \u201cPo\u00e8t moudit\u201d\" href=\"https:\/\/puttbill.com\/en\/poete-maudit-charles-baudelaire-eine-hommage-zum-144-todestag\/\">&#8220;Po\u00e8te maudit&#8221;, Gallery ErsterErster, Berlin<\/a><\/td>\n<\/tr>\n<tr>\n<td>2010<\/td>\n<td><a title=\"Exhibition \u201cDrama Light\u201d, Lucerne\" href=\"https:\/\/puttbill.com\/en\/drama-light-zu-gast-in-luzern\/\">&#8220;Drama Light&#8221;, &#8220;Gewerbehalle&#8221;, Lucerne<\/a><\/td>\n<\/tr>\n<tr>\n<td>2009<\/td>\n<td><a title=\"Exhibition \u201cDrama Light\u201d, Berlin\" href=\"https:\/\/puttbill.com\/en\/drama-light-literaturklassiker-im-comic-format\/\">&#8220;Drama Light&#8221;, Ballhaus Ost, Berlin<\/a><\/td>\n<\/tr>\n<tr>\n<td><\/td>\n<td>&#8220;49 Meter Neuk\u00f6lln&#8221;, Alte Kindl-Brauerei, Berlin<\/td>\n<\/tr>\n<tr>\n<td><\/td>\n<td>&#8220;Liebe und Existenzialismus am Arbeitsplatz&#8221;, Galerie elm75, Berlin<\/td>\n<\/tr>\n<tr>\n<td>2008<\/td>\n<td><a title=\"Exhibition \u201cGl\u00fcck Gehabt - Kunst im Untergrund\u201c\" href=\"https:\/\/puttbill.com\/en\/puttbill-goes-underground\/\">&#8220;Gl\u00fcck Gehabt &#8211; Kunst im Untergrund&#8221;, Metro U8, Berlin<\/a><\/td>\n<\/tr>\n<tr>\n<td><\/td>\n<td><a title=\"Exhibition \u201cIllustrative 08\u201d\" href=\"https:\/\/puttbill.com\/en\/illustrative-08\/\">&#8220;Illustrative 2008&#8221;, Messezentrum, Z\u00fcrich<\/a><\/td>\n<\/tr>\n<tr>\n<td><\/td>\n<td><a title=\"Exhibition \u201cAll your Life\u201d\" href=\"https:\/\/puttbill.com\/en\/ausstellung-ein-leben-lang-in-der-ngbk-berlin\/\">&#8220;All your life&#8221;, Neue Gesellschaft f\u00fcr Bildende Kunst, Berlin<\/a><\/td>\n<\/tr>\n<tr>\n<td><\/td>\n<td>&#8220;7. Internationale Grafik Triennale&#8221;, Schloss Bevern, Holzminden<\/td>\n<\/tr>\n<tr>\n<td><\/td>\n<td>&#8220;Jared Lindsay Clark vs. Felix Puttbill Pestemer&#8221;, Kompact Living Space, Berlin<\/td>\n<\/tr>\n<tr>\n<td>2007<\/td>\n<td>&#8220;Illustrative 2007&#8221; &#8211; Auswahl Neue Talente, Villa Elisabeth, Berlin<\/td>\n<\/tr>\n<tr>\n<td>2006<\/td>\n<td>&#8220;Eine Dose ist eine Dose ist eine Dose&#8230;&#8221;, Kultur-Tisch des Kunstvereins Schloss Morsbroich, Leverkusen<\/td>\n<\/tr>\n<tr>\n<td>2004<\/td>\n<td>Meistersch\u00fclerausstellung, Universit\u00e4t der K\u00fcnste Berlin<\/td>\n<\/tr>\n<tr>\n<td>2003<\/td>\n<td>&#8220;Fuck!&#8221; Nebbich zu Gast bei Yello Biafra \u2013 Spoken Word, SO\/36, Berlin<\/td>\n<\/tr>\n<tr>\n<td>2002<\/td>\n<td>&#8220;Feria de Curseler\u00eda&#8221;, Club Domestic, Barcelona<\/td>\n<\/tr>\n<tr>\n<td><\/td>\n<td>&#8220;The Punk Collection&#8221;, Aggregat an der Volksb\u00fchne, Berlin<\/td>\n<\/tr>\n<tr>\n<td>2001<\/td>\n<td>&#8220;Cobra Hopital&#8221; (Nebbich Edition No.2 zu Gast bei Katharina Jahnke), Golden Pudel Club, Hamburg<\/td>\n<\/tr>\n<tr>\n<td>2000<\/td>\n<td>&#8220;Stilvoll Einkaufen \u2013 Repr\u00e4sentativ Arbeiten&#8221;, Kunstraum B\/2, Leipzig<\/td>\n<\/tr>\n<tr>\n<td>1999<\/td>\n<td>&#8220;Europa spielt New York in Berlin&#8221;, Chambres d\u2019Amis, Berlin<\/td>\n<\/tr>\n<tr>\n<td><\/td>\n<td>&#8220;Luxus L\u00fccke&#8221;, Ausstellungsforum am Checkpoint Charlie, Berlin<\/td>\n<\/tr>\n<\/tbody>\n<\/table>\n<\/div>\n","protected":false},"excerpt":{"rendered":"<p>Bio Felix Pestemer (born in Braunschweig in 1974) studied fine art at the Berlin University of the Arts and illustration at the Escola Massana in Barcelona. Since then, he has been working at the intersection of both disciplines: comics and stories in book format form a fluid transition to narrative graphic series. His first graphic&#8230;<\/p>\n","protected":false},"author":1,"featured_media":0,"parent":0,"menu_order":78,"comment_status":"closed","ping_status":"closed","template":"","meta":{"footnotes":""},"class_list":["post-178","page","type-page","status-publish","hentry"],"translation":{"provider":"WPGlobus","version":"3.0.1","language":"en","enabled_languages":["de","en"],"languages":{"de":{"title":true,"content":true,"excerpt":false},"en":{"title":true,"content":true,"excerpt":false}}},"_links":{"self":[{"href":"https:\/\/puttbill.com\/en\/wp-json\/wp\/v2\/pages\/178","targetHints":{"allow":["GET"]}}],"collection":[{"href":"https:\/\/puttbill.com\/en\/wp-json\/wp\/v2\/pages"}],"about":[{"href":"https:\/\/puttbill.com\/en\/wp-json\/wp\/v2\/types\/page"}],"author":[{"embeddable":true,"href":"https:\/\/puttbill.com\/en\/wp-json\/wp\/v2\/users\/1"}],"replies":[{"embeddable":true,"href":"https:\/\/puttbill.com\/en\/wp-json\/wp\/v2\/comments?post=178"}],"version-history":[{"count":47,"href":"https:\/\/puttbill.com\/en\/wp-json\/wp\/v2\/pages\/178\/revisions"}],"predecessor-version":[{"id":1917,"href":"https:\/\/puttbill.com\/en\/wp-json\/wp\/v2\/pages\/178\/revisions\/1917"}],"wp:attachment":[{"href":"https:\/\/puttbill.com\/en\/wp-json\/wp\/v2\/media?parent=178"}],"curies":[{"name":"wp","href":"https:\/\/api.w.org\/{rel}","templated":true}]}}