{"id":1567,"date":"2021-04-08T08:20:59","date_gmt":"2021-04-08T08:20:59","guid":{"rendered":"https:\/\/puttbill.com\/?page_id=1567"},"modified":"2021-06-28T12:36:40","modified_gmt":"2021-06-28T12:36:40","slug":"alles-bleibt-anders","status":"publish","type":"page","link":"https:\/\/puttbill.com\/en\/buecher\/alles-bleibt-anders\/","title":{"rendered":"Alles bleibt anders"},"content":{"rendered":"<section class=\"l-section wpb_row height_medium\"><div class=\"l-section-h i-cf\"><div class=\"g-cols vc_row via_flex valign_top type_default reversed stacking_default\"><div class=\"vc_col-sm-8 wpb_column vc_column_container\"><div class=\"vc_column-inner\"><div class=\"wpb_wrapper\"><div class=\"w-separator size_custom\" style=\"height:32px\"><\/div><div class=\"w-image us_custom_8d5aa4e2 align_none\"><div class=\"w-image-h\"><img loading=\"lazy\" decoding=\"async\" width=\"1024\" height=\"591\" src=\"https:\/\/puttbill.com\/wp-content\/uploads\/2021\/04\/KH1821_bg-1024x591.jpg\" class=\"attachment-large size-large\" alt=\"\" srcset=\"https:\/\/puttbill.com\/wp-content\/uploads\/2021\/04\/KH1821_bg-1024x591.jpg 1024w, https:\/\/puttbill.com\/wp-content\/uploads\/2021\/04\/KH1821_bg-300x173.jpg 300w, https:\/\/puttbill.com\/wp-content\/uploads\/2021\/04\/KH1821_bg.jpg 2000w\" sizes=\"auto, (max-width: 1024px) 100vw, 1024px\" \/><\/div><\/div><div class=\"wpb_text_column us_custom_5f93d09b\"><div class=\"wpb_wrapper\"><p>Revolutionen und Premieren, Bomben, Feuer, Niemandsland, Wiederaufbau und Freudenfeste: Das von Karl Friedrich Schinkel entworfene Konzerthaus Berlin steht seit seiner Er\u00f6ffnung als Schauspielhaus 1821 im Mittelpunkt bewegter Geschichte. Im Comicband Alles bleibt anders erwacht das Haus am Gendarmenmarkt in markanten Episoden und Zeichnungen zum Leben.<\/p>\n<p>Mitwirkende hierbei sind E. T. A. Hoffmann, Carl Maria von Weber, der preu\u00dfische K\u00f6nig Friedrich Wilhelm III., Niccol\u00f2 Paganini, Theodor Fontane, Marlene Dietrich, Gustaf Gr\u00fcndgens, Leonard Bernstein, das Konzerthausorchester Berlin und viele andere mehr &#8230; Sie haben am Gendarmenmarkt auf der B\u00fchne gestanden, das Parkett und die Logen bev\u00f6lkert, die S\u00e4le renoviert, dort gek\u00e4mpft, gesungen und f\u00fcr Karten angestanden. Oder sind einfach dort flaniert. Vom Prunkbau f\u00fcr die preu\u00dfische Elite zu einem Ort, an dem die Musik f\u00fcr alle spielt \u2013 eine 200-j\u00e4hrige Reise durch (Kultur-) Geschichte und Gegenwart im Herzen Berlins!<\/p>\n<p>In seinen detailreichen Bildern und Comicseiten vermittelt der Berliner Autor Felix Pestemer nicht nur die wechselvolle Geschichte des Geb\u00e4udes, sondern wirft auch Schlaglichter auf die deutsche Geschichte, die sich oftmals direkt vor der Haust\u00fcr abspielte.<\/p>\n<h6>Stimmen<\/h6>\n<blockquote>\n<div><em>\u201e<\/em>Was dieses Geb\u00e4ude so alles gesehen hat, sehen nun auch wir: Felix Pestemer legt einen gro\u00dfartigen Comic zu zweihundert Jahren Konzerthaus am Gendarmenmarkt vor.&#8221;<br \/>\n<strong>(Andreas Platthaus, Frankfurter Allgemeine Zeitung)<\/strong><\/div>\n<\/blockquote>\n<div><\/div>\n<div><\/div>\n<blockquote>\n<div><em>\u201e<\/em>Felix Pestemer und seinen Koautoren gelingt es auf unterhaltsame und pointierte Weise, die wechselhafte Geschichte des Konzerthauses auf halb dokumentarische, halb fiktionale Weise nachzuerz\u00e4hlen.&#8221;<br \/>\n<strong>(Ralph Trommer, Der Tagesspiegel)<\/strong><\/div>\n<\/blockquote>\n<div><\/div>\n<div><\/div>\n<div>\n<blockquote>\n<div>\u201eEin repr\u00e4sentativ-ungew\u00f6hnlicher, zwischen Graphic Novel und bebilderter Chronik schwankender Band.&#8221;<br \/>\n<strong>(Manuel Brug, Die Welt)<\/strong><\/div>\n<\/blockquote>\n<div><\/div>\n<\/div>\n<div><\/div>\n<blockquote>\n<div>\u201eAlles bleibt anders f\u00fchrt auf informative und teils vergn\u00fcgliche Art und Weise die H\u00f6hepunkte der f\u00fcr Berlin wichtigen Geschichte vor. Spannenderweise liegt in dieser k\u00fcnstlerischen Aufarbeitung der Mythos von Zerst\u00f6rung und Wiedererstehung \u00fcber allem. Es ist das ewige Zusammenspiel von Licht und Schatten.&#8221;<br \/>\n<strong>(Volker Blech, Berliner Morgenpost)<\/strong><em><br \/>\n<\/em><\/div>\n<\/blockquote>\n<div>\n<blockquote>\n<div>\u201eDie Gebrochenheit der deutschen Geschichte von zwei Diktaturen und einer gescheiterten Revolution wird in extrem komprimierter Spannbreite pointiert bildnerisch pr\u00e4sentiert. Und all dies ohne ideologisches Framing, distanziert betrachtend und dennoch empathisch-engagiert.&#8221;<br \/>\n<strong>(Richard Pestemer, Tacheles Regional)<\/strong><\/div>\n<\/blockquote>\n<div><\/div>\n<\/div>\n<\/div><\/div><div class=\"w-separator size_custom\" style=\"height:32px\"><\/div><\/div><\/div><\/div><div class=\"vc_col-sm-4 wpb_column vc_column_container\"><div class=\"vc_column-inner us_custom_79a9c762\"><div class=\"wpb_wrapper\"><div class=\"wpb_text_column us_custom_eb4e661d\"><div class=\"wpb_wrapper\"><div class=\"ce_text block\"><\/div>\n<h4>Alles bleibt anders<\/h4>\n<\/div><\/div><div class=\"wpb_text_column us_custom_ae5bf86b\"><div class=\"wpb_wrapper\"><p>a<em>vant-verlag \/ Konzerthaus Berlin, 2021<br \/>\n<\/em><em>Text &amp; Zeichnung: Felix Pestemer<br \/>\nISBN: 978-3-96445-046-3<br \/>\n88 Seiten, Hardcover<br \/>\n22,5 x 30,5 cm, vierfarbig<\/em><\/p>\n<\/div><\/div><div class=\"w-image us_custom_43d836d8 align_none\"><div class=\"w-image-h\"><img loading=\"lazy\" decoding=\"async\" width=\"220\" height=\"300\" src=\"https:\/\/puttbill.com\/wp-content\/uploads\/2021\/04\/pestemer-alles-bleibt-anders-cover_-1-220x300.jpg\" class=\"attachment-medium size-medium\" alt=\"\" srcset=\"https:\/\/puttbill.com\/wp-content\/uploads\/2021\/04\/pestemer-alles-bleibt-anders-cover_-1-220x300.jpg 220w, https:\/\/puttbill.com\/wp-content\/uploads\/2021\/04\/pestemer-alles-bleibt-anders-cover_-1-750x1024.jpg 750w, https:\/\/puttbill.com\/wp-content\/uploads\/2021\/04\/pestemer-alles-bleibt-anders-cover_-1.jpg 800w\" sizes=\"auto, (max-width: 220px) 100vw, 220px\" \/><\/div><\/div><div class=\"wpb_text_column\"><div class=\"wpb_wrapper\"><p><a title=\"Buchbestellung 'Staub der Ahnen' beim Avant Verlag\" href=\"https:\/\/www.avant-verlag.de\/comics\/alles-bleibt-anders\/#cc-m-product-9040194120\" target=\"_blank\" rel=\"noopener noreferrer\">Buchbestellung avant-verlag<\/a><\/p>\n<\/div><\/div><\/div><\/div><\/div><\/div><\/div><\/section><section class=\"l-section wpb_row height_medium\"><div class=\"l-section-h i-cf\"><div class=\"g-cols vc_row via_flex valign_top type_default stacking_default\"><div class=\"vc_col-sm-12 wpb_column vc_column_container\"><div class=\"vc_column-inner\"><div class=\"wpb_wrapper\"><div class=\"wpb_text_column\"><div class=\"wpb_wrapper\"><h3>Leseprobe<\/h3>\n<div class=\"_3d-flip-book  fb3d-fullscreen-mode full-size\" data-id=\"1628\" data-mode=\"fullscreen\" data-title=\"false\" data-template=\"short-white-book-view\" data-lightbox=\"dark-shadow\" data-urlparam=\"fb3d-page\" data-page-n=\"0\" data-pdf=\"\" data-tax=\"null\" data-thumbnail=\"\" data-cols=\"3\" data-book-template=\"default\" data-trigger=\"\"><\/div><script type=\"text\/javascript\">window.FB3D_CLIENT_DATA = window.FB3D_CLIENT_DATA || [];FB3D_CLIENT_DATA.push('eyJwb3N0cyI6eyIxNjI4Ijp7IklEIjoxNjI4LCJ0aXRsZSI6IkFsbGVzIGJsZWlidCBhbmRlcnMgLSBMZXNlcHJvYmUiLCJ0eXBlIjoicGRmIiwicmVhZHlfZnVuY3Rpb24iOiIiLCJib29rX3N0eWxlIjoiZmxhdCIsImJvb2tfdGVtcGxhdGUiOiJub25lIiwib3V0bGluZSI6W10sImRhdGEiOnsicG9zdF9JRCI6IjE2NjUiLCJndWlkIjoiaHR0cHM6XC9cL3B1dHRiaWxsLmNvbVwvd3AtY29udGVudFwvdXBsb2Fkc1wvMjAyMVwvMDVcL2F2YW50X0FsbGVzQmxlaWJ0QW5kZXJzX0xlc2Vwcm9iZV9nZWt1ZXJ6dC5wZGYiLCJwZGZfcGFnZXMiOiIyMyIsInBhZ2VzX2N1c3RvbWl6YXRpb24iOiJhbGwifSwidGh1bWJuYWlsIjp7ImRhdGEiOnsicG9zdF9JRCI6IjAifSwidHlwZSI6ImF1dG8ifSwicHJvcHMiOnsiYmFja2dyb3VuZENvbG9yIjoiYXV0byIsImJhY2tncm91bmRJbWFnZSI6ImF1dG8iLCJiYWNrZ3JvdW5kU3R5bGUiOiJhdXRvIiwiaGlnaGxpZ2h0TGlua3MiOiJhdXRvIiwibGlnaHRpbmciOiJhdXRvIiwic2luZ2xlUGFnZU1vZGUiOiJhdXRvIiwiY2FjaGVkUGFnZXMiOiJhdXRvIiwicmVuZGVySW5hY3RpdmVQYWdlcyI6ImF1dG8iLCJyZW5kZXJJbmFjdGl2ZVBhZ2VzT25Nb2JpbGUiOiJhdXRvIiwicmVuZGVyV2hpbGVGbGlwcGluZyI6ImF1dG8iLCJwcmVsb2FkUGFnZXMiOiJhdXRvIiwiYXV0b1BsYXlEdXJhdGlvbiI6ImF1dG8iLCJydGwiOiJhdXRvIiwiaW50ZXJhY3RpdmVDb3JuZXJzIjoiYXV0byIsIm1heERlcHRoIjoiYXV0byIsInNoZWV0Ijp7InN0YXJ0VmVsb2NpdHkiOiJhdXRvIiwid2F2ZSI6ImF1dG8iLCJzaGFwZSI6ImF1dG8iLCJ3aWR0aFRleGVscyI6ImF1dG8iLCJjb2xvciI6ImF1dG8iLCJzaWRlIjoiYXV0byIsInN0cmV0Y2hJbWFnZXMiOiJhdXRvIiwiY29ybmVyRGV2aWF0aW9uIjoiYXV0byIsImZsZXhpYmlsaXR5IjoiYXV0byIsImZsZXhpYmxlQ29ybmVyIjoiYXV0byIsImJlbmRpbmciOiJhdXRvIiwiaGVpZ2h0VGV4ZWxzIjoiYXV0byJ9LCJjb3ZlciI6eyJ3YXZlIjoiYXV0byIsImNvbG9yIjoiYXV0byIsInNpZGUiOiJhdXRvIiwic3RyZXRjaEltYWdlcyI6ImF1dG8iLCJiaW5kZXJUZXh0dXJlIjoiYXV0byIsImRlcHRoIjoiYXV0byIsInBhZGRpbmciOiJhdXRvIiwic3RhcnRWZWxvY2l0eSI6ImF1dG8iLCJmbGV4aWJpbGl0eSI6ImF1dG8iLCJmbGV4aWJsZUNvcm5lciI6ImF1dG8iLCJiZW5kaW5nIjoiYXV0byIsIndpZHRoVGV4ZWxzIjoiYXV0byIsImhlaWdodFRleGVscyI6ImF1dG8iLCJtYXNzIjoiYXV0byIsInNoYXBlIjoiYXV0byJ9LCJwYWdlIjp7IndhdmUiOiJhdXRvIiwiY29sb3IiOiJhdXRvIiwic2lkZSI6ImF1dG8iLCJzdHJldGNoSW1hZ2VzIjoiYXV0byIsImRlcHRoIjoiYXV0byIsInN0YXJ0VmVsb2NpdHkiOiJhdXRvIiwiZmxleGliaWxpdHkiOiJhdXRvIiwiZmxleGlibGVDb3JuZXIiOiJhdXRvIiwiYmVuZGluZyI6ImF1dG8iLCJ3aWR0aFRleGVscyI6ImF1dG8iLCJoZWlnaHRUZXhlbHMiOiJhdXRvIiwibWFzcyI6ImF1dG8iLCJzaGFwZSI6ImF1dG8ifSwiaGVpZ2h0IjoiYXV0byIsIndpZHRoIjoiYXV0byIsImdyYXZpdHkiOiJhdXRvIiwicGFnZXNGb3JQcmVkaWN0aW5nIjoiYXV0byJ9LCJjb250cm9sUHJvcHMiOnsiYWN0aW9ucyI6eyJjbWRUb2MiOnsiZW5hYmxlZCI6ImF1dG8iLCJlbmFibGVkSW5OYXJyb3ciOiJhdXRvIiwiYWN0aXZlIjoiYXV0byIsImRlZmF1bHRUYWIiOiJhdXRvIn0sImNtZEF1dG9QbGF5Ijp7ImVuYWJsZWQiOiJhdXRvIiwiZW5hYmxlZEluTmFycm93IjoiYXV0byIsImFjdGl2ZSI6ImF1dG8ifSwiY21kU2F2ZSI6eyJlbmFibGVkIjoiMCIsImVuYWJsZWRJbk5hcnJvdyI6ImF1dG8ifSwiY21kUHJpbnQiOnsiZW5hYmxlZCI6IjAiLCJlbmFibGVkSW5OYXJyb3ciOiJhdXRvIn0sImNtZFNpbmdsZVBhZ2UiOnsiZW5hYmxlZCI6ImF1dG8iLCJlbmFibGVkSW5OYXJyb3ciOiJhdXRvIiwiYWN0aXZlIjoiYXV0byIsImFjdGl2ZUZvck1vYmlsZSI6ImF1dG8ifSwid2lkVG9vbGJhciI6eyJlbmFibGVkIjoiYXV0byIsImVuYWJsZWRJbk5hcnJvdyI6ImF1dG8ifX19LCJhdXRvVGh1bWJuYWlsIjoiaHR0cHM6XC9cL3B1dHRiaWxsLmNvbVwvd3AtY29udGVudFwvdXBsb2Fkc1wvM2QtZmxpcC1ib29rXC9hdXRvLXRodW1ibmFpbHNcLzE2MjgucG5nIiwicG9zdF9uYW1lIjoiYWxsZXMtYmxlaWJ0LWFuZGVycy1sZXNlcHJvYmUiLCJwb3N0X3R5cGUiOiIzZC1mbGlwLWJvb2sifX0sInBhZ2VzIjp7IjE2MjgiOlt7InBhZ2VfSUQiOiIxIiwicGFnZV9wb3N0X0lEIjoiMTYyOCIsInBhZ2VfdGl0bGUiOiIiLCJwYWdlX3NvdXJjZV90eXBlIjoicGRmIiwicGFnZV9zb3VyY2VfZGF0YSI6eyJudW1iZXIiOiIwIiwiaW50ZXJhY3RpdmUiOiIwIn0sInBhZ2VfdGh1bWJuYWlsX3R5cGUiOiJhdXRvIiwicGFnZV90aHVtYm5haWxfZGF0YSI6eyJwb3N0X0lEIjoiMCJ9LCJwYWdlX21ldGFfZGF0YSI6eyJjc3NfbGF5ZXIiOnsiY3NzIjoiIiwiaHRtbCI6IiIsImpzIjoiIn19LCJwYWdlX251bWJlciI6IjAifSx7InBhZ2VfSUQiOiIyIiwicGFnZV9wb3N0X0lEIjoiMTYyOCIsInBhZ2VfdGl0bGUiOiIiLCJwYWdlX3NvdXJjZV90eXBlIjoicGRmIiwicGFnZV9zb3VyY2VfZGF0YSI6eyJudW1iZXIiOiIxIiwiaW50ZXJhY3RpdmUiOiIwIn0sInBhZ2VfdGh1bWJuYWlsX3R5cGUiOiJhdXRvIiwicGFnZV90aHVtYm5haWxfZGF0YSI6eyJwb3N0X0lEIjoiMCJ9LCJwYWdlX21ldGFfZGF0YSI6eyJjc3NfbGF5ZXIiOnsiY3NzIjoiIiwiaHRtbCI6IiIsImpzIjoiIn19LCJwYWdlX251bWJlciI6IjEifSx7InBhZ2VfSUQiOiIzIiwicGFnZV9wb3N0X0lEIjoiMTYyOCIsInBhZ2VfdGl0bGUiOiIiLCJwYWdlX3NvdXJjZV90eXBlIjoicGRmIiwicGFnZV9zb3VyY2VfZGF0YSI6eyJudW1iZXIiOiIyIiwiaW50ZXJhY3RpdmUiOiIwIn0sInBhZ2VfdGh1bWJuYWlsX3R5cGUiOiJhdXRvIiwicGFnZV90aHVtYm5haWxfZGF0YSI6eyJwb3N0X0lEIjoiMCJ9LCJwYWdlX21ldGFfZGF0YSI6eyJjc3NfbGF5ZXIiOnsiY3NzIjoiIiwiaHRtbCI6IiIsImpzIjoiIn19LCJwYWdlX251bWJlciI6IjIifSx7InBhZ2VfSUQiOiI0IiwicGFnZV9wb3N0X0lEIjoiMTYyOCIsInBhZ2VfdGl0bGUiOiIiLCJwYWdlX3NvdXJjZV90eXBlIjoicGRmIiwicGFnZV9zb3VyY2VfZGF0YSI6eyJudW1iZXIiOiIzIiwiaW50ZXJhY3RpdmUiOiIwIn0sInBhZ2VfdGh1bWJuYWlsX3R5cGUiOiJhdXRvIiwicGFnZV90aHVtYm5haWxfZGF0YSI6eyJwb3N0X0lEIjoiMCJ9LCJwYWdlX21ldGFfZGF0YSI6eyJjc3NfbGF5ZXIiOnsiY3NzIjoiIiwiaHRtbCI6IiIsImpzIjoiIn19LCJwYWdlX251bWJlciI6IjMifSx7InBhZ2VfSUQiOiI1IiwicGFnZV9wb3N0X0lEIjoiMTYyOCIsInBhZ2VfdGl0bGUiOiIiLCJwYWdlX3NvdXJjZV90eXBlIjoicGRmIiwicGFnZV9zb3VyY2VfZGF0YSI6eyJudW1iZXIiOiI0IiwiaW50ZXJhY3RpdmUiOiIwIn0sInBhZ2VfdGh1bWJuYWlsX3R5cGUiOiJhdXRvIiwicGFnZV90aHVtYm5haWxfZGF0YSI6eyJwb3N0X0lEIjoiMCJ9LCJwYWdlX21ldGFfZGF0YSI6eyJjc3NfbGF5ZXIiOnsiY3NzIjoiIiwiaHRtbCI6IiIsImpzIjoiIn19LCJwYWdlX251bWJlciI6IjQifSx7InBhZ2VfSUQiOiI2IiwicGFnZV9wb3N0X0lEIjoiMTYyOCIsInBhZ2VfdGl0bGUiOiIiLCJwYWdlX3NvdXJjZV90eXBlIjoicGRmIiwicGFnZV9zb3VyY2VfZGF0YSI6eyJudW1iZXIiOiI1IiwiaW50ZXJhY3RpdmUiOiIwIn0sInBhZ2VfdGh1bWJuYWlsX3R5cGUiOiJhdXRvIiwicGFnZV90aHVtYm5haWxfZGF0YSI6eyJwb3N0X0lEIjoiMCJ9LCJwYWdlX21ldGFfZGF0YSI6eyJjc3NfbGF5ZXIiOnsiY3NzIjoiIiwiaHRtbCI6IiIsImpzIjoiIn19LCJwYWdlX251bWJlciI6IjUifSx7InBhZ2VfSUQiOiI3IiwicGFnZV9wb3N0X0lEIjoiMTYyOCIsInBhZ2VfdGl0bGUiOiIiLCJwYWdlX3NvdXJjZV90eXBlIjoicGRmIiwicGFnZV9zb3VyY2VfZGF0YSI6eyJudW1iZXIiOiI2IiwiaW50ZXJhY3RpdmUiOiIwIn0sInBhZ2VfdGh1bWJuYWlsX3R5cGUiOiJhdXRvIiwicGFnZV90aHVtYm5haWxfZGF0YSI6eyJwb3N0X0lEIjoiMCJ9LCJwYWdlX21ldGFfZGF0YSI6eyJjc3NfbGF5ZXIiOnsiY3NzIjoiIiwiaHRtbCI6IiIsImpzIjoiIn19LCJwYWdlX251bWJlciI6IjYifSx7InBhZ2VfSUQiOiI4IiwicGFnZV9wb3N0X0lEIjoiMTYyOCIsInBhZ2VfdGl0bGUiOiIiLCJwYWdlX3NvdXJjZV90eXBlIjoicGRmIiwicGFnZV9zb3VyY2VfZGF0YSI6eyJudW1iZXIiOiI3IiwiaW50ZXJhY3RpdmUiOiIwIn0sInBhZ2VfdGh1bWJuYWlsX3R5cGUiOiJhdXRvIiwicGFnZV90aHVtYm5haWxfZGF0YSI6eyJwb3N0X0lEIjoiMCJ9LCJwYWdlX21ldGFfZGF0YSI6eyJjc3NfbGF5ZXIiOnsiY3NzIjoiIiwiaHRtbCI6IiIsImpzIjoiIn19LCJwYWdlX251bWJlciI6IjcifSx7InBhZ2VfSUQiOiI5IiwicGFnZV9wb3N0X0lEIjoiMTYyOCIsInBhZ2VfdGl0bGUiOiIiLCJwYWdlX3NvdXJjZV90eXBlIjoicGRmIiwicGFnZV9zb3VyY2VfZGF0YSI6eyJudW1iZXIiOiI4IiwiaW50ZXJhY3RpdmUiOiIwIn0sInBhZ2VfdGh1bWJuYWlsX3R5cGUiOiJhdXRvIiwicGFnZV90aHVtYm5haWxfZGF0YSI6eyJwb3N0X0lEIjoiMCJ9LCJwYWdlX21ldGFfZGF0YSI6eyJjc3NfbGF5ZXIiOnsiY3NzIjoiIiwiaHRtbCI6IiIsImpzIjoiIn19LCJwYWdlX251bWJlciI6IjgifSx7InBhZ2VfSUQiOiIxMCIsInBhZ2VfcG9zdF9JRCI6IjE2MjgiLCJwYWdlX3RpdGxlIjoiIiwicGFnZV9zb3VyY2VfdHlwZSI6InBkZiIsInBhZ2Vfc291cmNlX2RhdGEiOnsibnVtYmVyIjoiOSIsImludGVyYWN0aXZlIjoiMCJ9LCJwYWdlX3RodW1ibmFpbF90eXBlIjoiYXV0byIsInBhZ2VfdGh1bWJuYWlsX2RhdGEiOnsicG9zdF9JRCI6IjAifSwicGFnZV9tZXRhX2RhdGEiOnsiY3NzX2xheWVyIjp7ImNzcyI6IiIsImh0bWwiOiIiLCJqcyI6IiJ9fSwicGFnZV9udW1iZXIiOiI5In0seyJwYWdlX0lEIjoiMTEiLCJwYWdlX3Bvc3RfSUQiOiIxNjI4IiwicGFnZV90aXRsZSI6IiIsInBhZ2Vfc291cmNlX3R5cGUiOiJwZGYiLCJwYWdlX3NvdXJjZV9kYXRhIjp7Im51bWJlciI6IjEwIiwiaW50ZXJhY3RpdmUiOiIwIn0sInBhZ2VfdGh1bWJuYWlsX3R5cGUiOiJhdXRvIiwicGFnZV90aHVtYm5haWxfZGF0YSI6eyJwb3N0X0lEIjoiMCJ9LCJwYWdlX21ldGFfZGF0YSI6eyJjc3NfbGF5ZXIiOnsiY3NzIjoiIiwiaHRtbCI6IiIsImpzIjoiIn19LCJwYWdlX251bWJlciI6IjEwIn0seyJwYWdlX0lEIjoiMTIiLCJwYWdlX3Bvc3RfSUQiOiIxNjI4IiwicGFnZV90aXRsZSI6IiIsInBhZ2Vfc291cmNlX3R5cGUiOiJwZGYiLCJwYWdlX3NvdXJjZV9kYXRhIjp7Im51bWJlciI6IjExIiwiaW50ZXJhY3RpdmUiOiIwIn0sInBhZ2VfdGh1bWJuYWlsX3R5cGUiOiJhdXRvIiwicGFnZV90aHVtYm5haWxfZGF0YSI6eyJwb3N0X0lEIjoiMCJ9LCJwYWdlX21ldGFfZGF0YSI6eyJjc3NfbGF5ZXIiOnsiY3NzIjoiIiwiaHRtbCI6IiIsImpzIjoiIn19LCJwYWdlX251bWJlciI6IjExIn0seyJwYWdlX0lEIjoiMTMiLCJwYWdlX3Bvc3RfSUQiOiIxNjI4IiwicGFnZV90aXRsZSI6IiIsInBhZ2Vfc291cmNlX3R5cGUiOiJwZGYiLCJwYWdlX3NvdXJjZV9kYXRhIjp7Im51bWJlciI6IjEyIiwiaW50ZXJhY3RpdmUiOiIwIn0sInBhZ2VfdGh1bWJuYWlsX3R5cGUiOiJhdXRvIiwicGFnZV90aHVtYm5haWxfZGF0YSI6eyJwb3N0X0lEIjoiMCJ9LCJwYWdlX21ldGFfZGF0YSI6eyJjc3NfbGF5ZXIiOnsiY3NzIjoiIiwiaHRtbCI6IiIsImpzIjoiIn19LCJwYWdlX251bWJlciI6IjEyIn0seyJwYWdlX0lEIjoiMTQiLCJwYWdlX3Bvc3RfSUQiOiIxNjI4IiwicGFnZV90aXRsZSI6IiIsInBhZ2Vfc291cmNlX3R5cGUiOiJwZGYiLCJwYWdlX3NvdXJjZV9kYXRhIjp7Im51bWJlciI6IjEzIiwiaW50ZXJhY3RpdmUiOiIwIn0sInBhZ2VfdGh1bWJuYWlsX3R5cGUiOiJhdXRvIiwicGFnZV90aHVtYm5haWxfZGF0YSI6eyJwb3N0X0lEIjoiMCJ9LCJwYWdlX21ldGFfZGF0YSI6eyJjc3NfbGF5ZXIiOnsiY3NzIjoiIiwiaHRtbCI6IiIsImpzIjoiIn19LCJwYWdlX251bWJlciI6IjEzIn0seyJwYWdlX0lEIjoiMTUiLCJwYWdlX3Bvc3RfSUQiOiIxNjI4IiwicGFnZV90aXRsZSI6IiIsInBhZ2Vfc291cmNlX3R5cGUiOiJwZGYiLCJwYWdlX3NvdXJjZV9kYXRhIjp7Im51bWJlciI6IjE0IiwiaW50ZXJhY3RpdmUiOiIwIn0sInBhZ2VfdGh1bWJuYWlsX3R5cGUiOiJhdXRvIiwicGFnZV90aHVtYm5haWxfZGF0YSI6eyJwb3N0X0lEIjoiMCJ9LCJwYWdlX21ldGFfZGF0YSI6eyJjc3NfbGF5ZXIiOnsiY3NzIjoiIiwiaHRtbCI6IiIsImpzIjoiIn19LCJwYWdlX251bWJlciI6IjE0In0seyJwYWdlX0lEIjoiMTYiLCJwYWdlX3Bvc3RfSUQiOiIxNjI4IiwicGFnZV90aXRsZSI6IiIsInBhZ2Vfc291cmNlX3R5cGUiOiJwZGYiLCJwYWdlX3NvdXJjZV9kYXRhIjp7Im51bWJlciI6IjE1IiwiaW50ZXJhY3RpdmUiOiIwIn0sInBhZ2VfdGh1bWJuYWlsX3R5cGUiOiJhdXRvIiwicGFnZV90aHVtYm5haWxfZGF0YSI6eyJwb3N0X0lEIjoiMCJ9LCJwYWdlX21ldGFfZGF0YSI6eyJjc3NfbGF5ZXIiOnsiY3NzIjoiIiwiaHRtbCI6IiIsImpzIjoiIn19LCJwYWdlX251bWJlciI6IjE1In0seyJwYWdlX0lEIjoiMTciLCJwYWdlX3Bvc3RfSUQiOiIxNjI4IiwicGFnZV90aXRsZSI6IiIsInBhZ2Vfc291cmNlX3R5cGUiOiJwZGYiLCJwYWdlX3NvdXJjZV9kYXRhIjp7Im51bWJlciI6IjE2IiwiaW50ZXJhY3RpdmUiOiIwIn0sInBhZ2VfdGh1bWJuYWlsX3R5cGUiOiJhdXRvIiwicGFnZV90aHVtYm5haWxfZGF0YSI6eyJwb3N0X0lEIjoiMCJ9LCJwYWdlX21ldGFfZGF0YSI6eyJjc3NfbGF5ZXIiOnsiY3NzIjoiIiwiaHRtbCI6IiIsImpzIjoiIn19LCJwYWdlX251bWJlciI6IjE2In0seyJwYWdlX0lEIjoiMTgiLCJwYWdlX3Bvc3RfSUQiOiIxNjI4IiwicGFnZV90aXRsZSI6IiIsInBhZ2Vfc291cmNlX3R5cGUiOiJwZGYiLCJwYWdlX3NvdXJjZV9kYXRhIjp7Im51bWJlciI6IjE3IiwiaW50ZXJhY3RpdmUiOiIwIn0sInBhZ2VfdGh1bWJuYWlsX3R5cGUiOiJhdXRvIiwicGFnZV90aHVtYm5haWxfZGF0YSI6eyJwb3N0X0lEIjoiMCJ9LCJwYWdlX21ldGFfZGF0YSI6eyJjc3NfbGF5ZXIiOnsiY3NzIjoiIiwiaHRtbCI6IiIsImpzIjoiIn19LCJwYWdlX251bWJlciI6IjE3In0seyJwYWdlX0lEIjoiMTkiLCJwYWdlX3Bvc3RfSUQiOiIxNjI4IiwicGFnZV90aXRsZSI6IiIsInBhZ2Vfc291cmNlX3R5cGUiOiJwZGYiLCJwYWdlX3NvdXJjZV9kYXRhIjp7Im51bWJlciI6IjE4IiwiaW50ZXJhY3RpdmUiOiIwIn0sInBhZ2VfdGh1bWJuYWlsX3R5cGUiOiJhdXRvIiwicGFnZV90aHVtYm5haWxfZGF0YSI6eyJwb3N0X0lEIjoiMCJ9LCJwYWdlX21ldGFfZGF0YSI6eyJjc3NfbGF5ZXIiOnsiY3NzIjoiIiwiaHRtbCI6IiIsImpzIjoiIn19LCJwYWdlX251bWJlciI6IjE4In0seyJwYWdlX0lEIjoiMjAiLCJwYWdlX3Bvc3RfSUQiOiIxNjI4IiwicGFnZV90aXRsZSI6IiIsInBhZ2Vfc291cmNlX3R5cGUiOiJwZGYiLCJwYWdlX3NvdXJjZV9kYXRhIjp7Im51bWJlciI6IjE5IiwiaW50ZXJhY3RpdmUiOiIwIn0sInBhZ2VfdGh1bWJuYWlsX3R5cGUiOiJhdXRvIiwicGFnZV90aHVtYm5haWxfZGF0YSI6eyJwb3N0X0lEIjoiMCJ9LCJwYWdlX21ldGFfZGF0YSI6eyJjc3NfbGF5ZXIiOnsiY3NzIjoiIiwiaHRtbCI6IiIsImpzIjoiIn19LCJwYWdlX251bWJlciI6IjE5In0seyJwYWdlX0lEIjoiMjEiLCJwYWdlX3Bvc3RfSUQiOiIxNjI4IiwicGFnZV90aXRsZSI6IiIsInBhZ2Vfc291cmNlX3R5cGUiOiJwZGYiLCJwYWdlX3NvdXJjZV9kYXRhIjp7Im51bWJlciI6IjIwIiwiaW50ZXJhY3RpdmUiOiIwIn0sInBhZ2VfdGh1bWJuYWlsX3R5cGUiOiJhdXRvIiwicGFnZV90aHVtYm5haWxfZGF0YSI6eyJwb3N0X0lEIjoiMCJ9LCJwYWdlX21ldGFfZGF0YSI6eyJjc3NfbGF5ZXIiOnsiY3NzIjoiIiwiaHRtbCI6IiIsImpzIjoiIn19LCJwYWdlX251bWJlciI6IjIwIn1dfSwiZmlyc3RQYWdlcyI6W119');window.FB3D_CLIENT_LOCALE && FB3D_CLIENT_LOCALE.render && FB3D_CLIENT_LOCALE.render();<\/script>\n<\/div><\/div><\/div><\/div><\/div><\/div><\/div><\/section>\n","protected":false},"excerpt":{"rendered":"Revolutionen und Premieren, Bomben, Feuer, Niemandsland, Wiederaufbau und Freudenfeste: Das von Karl Friedrich Schinkel entworfene Konzerthaus Berlin steht seit seiner Er\u00f6ffnung als Schauspielhaus 1821 im Mittelpunkt bewegter Geschichte. Im Comicband Alles bleibt anders erwacht das Haus am Gendarmenmarkt in markanten Episoden und Zeichnungen zum Leben. Mitwirkende hierbei sind E. T. A. Hoffmann, Carl Maria von...","protected":false},"author":2,"featured_media":0,"parent":30,"menu_order":33,"comment_status":"closed","ping_status":"closed","template":"","meta":{"footnotes":""},"class_list":["post-1567","page","type-page","status-publish","hentry"],"translation":{"provider":"WPGlobus","version":"3.0.1","language":"en","enabled_languages":["de","en"],"languages":{"de":{"title":true,"content":true,"excerpt":false},"en":{"title":true,"content":false,"excerpt":false}}},"_links":{"self":[{"href":"https:\/\/puttbill.com\/en\/wp-json\/wp\/v2\/pages\/1567","targetHints":{"allow":["GET"]}}],"collection":[{"href":"https:\/\/puttbill.com\/en\/wp-json\/wp\/v2\/pages"}],"about":[{"href":"https:\/\/puttbill.com\/en\/wp-json\/wp\/v2\/types\/page"}],"author":[{"embeddable":true,"href":"https:\/\/puttbill.com\/en\/wp-json\/wp\/v2\/users\/2"}],"replies":[{"embeddable":true,"href":"https:\/\/puttbill.com\/en\/wp-json\/wp\/v2\/comments?post=1567"}],"version-history":[{"count":22,"href":"https:\/\/puttbill.com\/en\/wp-json\/wp\/v2\/pages\/1567\/revisions"}],"predecessor-version":[{"id":1691,"href":"https:\/\/puttbill.com\/en\/wp-json\/wp\/v2\/pages\/1567\/revisions\/1691"}],"up":[{"embeddable":true,"href":"https:\/\/puttbill.com\/en\/wp-json\/wp\/v2\/pages\/30"}],"wp:attachment":[{"href":"https:\/\/puttbill.com\/en\/wp-json\/wp\/v2\/media?parent=1567"}],"curies":[{"name":"wp","href":"https:\/\/api.w.org\/{rel}","templated":true}]}}